 {"id":1114,"date":"2026-03-22T23:17:10","date_gmt":"2026-03-22T23:17:10","guid":{"rendered":"http:\/\/www.ekinpremiks.com.tr\/?page_id=1114"},"modified":"2026-03-23T00:26:12","modified_gmt":"2026-03-23T00:26:12","slug":"beelove","status":"publish","type":"page","link":"https:\/\/www.ekinpremiks.com.tr\/ar\/beelove\/","title":{"rendered":"\u0628\u064a\u0644\u0648\u0641"},"content":{"rendered":"<div data-elementor-type=\"wp-page\" data-elementor-id=\"1114\" class=\"elementor elementor-1114\">\n\t\t\t\t<div class=\"elementor-element elementor-element-72d89d1 e-flex e-con-boxed e-con e-parent\" data-id=\"72d89d1\" data-element_type=\"container\" data-e-type=\"container\" data-settings=\"{&quot;background_background&quot;:&quot;classic&quot;}\">\n\t\t\t\t\t<div class=\"e-con-inner\">\n\t\t\t\t<div class=\"elementor-element elementor-element-7d67a81 elementor-widget elementor-widget-heading\" data-id=\"7d67a81\" data-element_type=\"widget\" data-e-type=\"widget\" data-widget_type=\"heading.default\">\n\t\t\t\t<div class=\"elementor-widget-container\">\n\t\t\t\t\t<h2 class=\"elementor-heading-title elementor-size-default\">\u0641\u064a\u062a\u0627\u0645\u064a\u0646\u0627\u062a \u0648\u0645\u0639\u0627\u062f\u0646 \u0628\u064a\u0644\u0648\u0641<\/h2>\t\t\t\t<\/div>\n\t\t\t\t<\/div>\n\t\t\t\t<div class=\"elementor-element elementor-element-26f5cc3 elementor-widget elementor-widget-heading\" data-id=\"26f5cc3\" data-element_type=\"widget\" data-e-type=\"widget\" data-widget_type=\"heading.default\">\n\t\t\t\t<div class=\"elementor-widget-container\">\n\t\t\t\t\t<h2 class=\"elementor-heading-title elementor-size-default\">\u0625\u064a\u0643\u064a\u0646 \u0628\u0631\u064a\u0645\u0643\u0633<\/h2>\t\t\t\t<\/div>\n\t\t\t\t<\/div>\n\t\t\t\t\t<\/div>\n\t\t\t\t<\/div>\n\t\t<div class=\"elementor-element elementor-element-71b0d49 e-flex e-con-boxed e-con e-parent\" data-id=\"71b0d49\" data-element_type=\"container\" data-e-type=\"container\">\n\t\t\t\t\t<div class=\"e-con-inner\">\n\t\t\t\t<div class=\"elementor-element elementor-element-853e128 elementor-widget elementor-widget-spacer\" data-id=\"853e128\" data-element_type=\"widget\" data-e-type=\"widget\" data-widget_type=\"spacer.default\">\n\t\t\t\t<div class=\"elementor-widget-container\">\n\t\t\t\t\t\t\t<div class=\"elementor-spacer\">\n\t\t\t<div class=\"elementor-spacer-inner\"><\/div>\n\t\t<\/div>\n\t\t\t\t\t\t<\/div>\n\t\t\t\t<\/div>\n\t\t\t\t\t<\/div>\n\t\t\t\t<\/div>\n\t\t<div class=\"elementor-element elementor-element-64201d8 e-flex e-con-boxed e-con e-parent\" data-id=\"64201d8\" data-element_type=\"container\" data-e-type=\"container\">\n\t\t\t\t\t<div class=\"e-con-inner\">\n\t\t<div class=\"elementor-element elementor-element-f77aea5 e-con-full e-flex e-con e-child\" data-id=\"f77aea5\" data-element_type=\"container\" data-e-type=\"container\">\n\t\t\t\t<div class=\"elementor-element elementor-element-9e1ace1 elementor-widget elementor-widget-image\" data-id=\"9e1ace1\" data-element_type=\"widget\" data-e-type=\"widget\" data-widget_type=\"image.default\">\n\t\t\t\t<div class=\"elementor-widget-container\">\n\t\t\t\t\t\t\t\t\t\t\t\t\t\t\t<img fetchpriority=\"high\" decoding=\"async\" width=\"640\" height=\"640\" src=\"https:\/\/www.ekinpremiks.com.tr\/wp-content\/uploads\/2026\/03\/bu_urunun_bana_202603230256-1-1024x1024.png\" class=\"attachment-large size-large wp-image-1148\" alt=\"\" srcset=\"https:\/\/www.ekinpremiks.com.tr\/wp-content\/uploads\/2026\/03\/bu_urunun_bana_202603230256-1-1024x1024.png 1024w, https:\/\/www.ekinpremiks.com.tr\/wp-content\/uploads\/2026\/03\/bu_urunun_bana_202603230256-1-300x300.png 300w, https:\/\/www.ekinpremiks.com.tr\/wp-content\/uploads\/2026\/03\/bu_urunun_bana_202603230256-1-150x150.png 150w, https:\/\/www.ekinpremiks.com.tr\/wp-content\/uploads\/2026\/03\/bu_urunun_bana_202603230256-1-768x768.png 768w, https:\/\/www.ekinpremiks.com.tr\/wp-content\/uploads\/2026\/03\/bu_urunun_bana_202603230256-1-1536x1536.png 1536w, https:\/\/www.ekinpremiks.com.tr\/wp-content\/uploads\/2026\/03\/bu_urunun_bana_202603230256-1.png 2048w\" sizes=\"(max-width: 640px) 100vw, 640px\" \/>\t\t\t\t\t\t\t\t\t\t\t\t\t\t\t<\/div>\n\t\t\t\t<\/div>\n\t\t\t\t<div class=\"elementor-element elementor-element-2f91e49 elementor-hidden-desktop elementor-widget elementor-widget-spacer\" data-id=\"2f91e49\" data-element_type=\"widget\" data-e-type=\"widget\" data-widget_type=\"spacer.default\">\n\t\t\t\t<div class=\"elementor-widget-container\">\n\t\t\t\t\t\t\t<div class=\"elementor-spacer\">\n\t\t\t<div class=\"elementor-spacer-inner\"><\/div>\n\t\t<\/div>\n\t\t\t\t\t\t<\/div>\n\t\t\t\t<\/div>\n\t\t\t\t<\/div>\n\t\t<div class=\"elementor-element elementor-element-4bd3fef e-con-full e-flex e-con e-child\" data-id=\"4bd3fef\" data-element_type=\"container\" data-e-type=\"container\">\n\t\t\t\t<div class=\"elementor-element elementor-element-a191c81 elementor-widget elementor-widget-text-editor\" data-id=\"a191c81\" data-element_type=\"widget\" data-e-type=\"widget\" data-widget_type=\"text-editor.default\">\n\t\t\t\t<div class=\"elementor-widget-container\">\n\t\t\t\t\t\t\t\t\t<p><strong>\u0631\u0645\u0632 \u0627\u0644\u0645\u0646\u062a\u062c: EP001<\/strong><\/p><p><strong>\u0627\u0644\u063a\u0631\u0636 \u0645\u0646 \u0627\u0644\u0627\u0633\u062a\u062e\u062f\u0627\u0645:<\/strong><br \/>*\u064a\u0648\u0641\u0631 \u0645\u0643\u0645\u0644\u0627\u062a \u0627\u0644\u0641\u064a\u062a\u0627\u0645\u064a\u0646\u0627\u062a \u0648\u0627\u0644\u0645\u0639\u0627\u062f\u0646 \u0644\u0646\u062d\u0644 \u0627\u0644\u0639\u0633\u0644.<br \/>*\u062a\u0635\u0628\u062d \u0627\u0644\u0646\u062d\u0644\u0627\u062a \u0623\u0643\u062b\u0631 \u0635\u062d\u0629 \u0648\u0642\u0648\u0629.<br \/>*\u064a\u0632\u064a\u062f \u0645\u0646 \u0639\u062f\u062f \u0627\u0644\u0646\u0633\u0644.<br \/>*\u064a\u0642\u0648\u064a \u0645\u0646\u0627\u0639\u0629 \u0627\u0644\u0646\u062d\u0644.<br \/>*\u0625\u0646\u0647 \u0641\u0639\u0627\u0644 \u0641\u064a \u0627\u0644\u062d\u062f \u0645\u0646 \u062e\u0633\u0627\u0626\u0631 \u0627\u0644\u0646\u062d\u0644.<br \/>*\u064a\u062a\u0645 \u0627\u0644\u062d\u0635\u0648\u0644 \u0639\u0644\u0649 \u0639\u0633\u0644 \u0639\u0627\u0644\u064a \u0627\u0644\u062c\u0648\u062f\u0629.<br \/><strong>\u0627\u0644\u0627\u0633\u062a\u062e\u062f\u0627\u0645:<\/strong><br \/>4 \u063a\u0631\u0627\u0645\u0627\u062a (\u0645\u0644\u0639\u0642\u062a\u0627\u0646 \u0635\u063a\u064a\u0631\u062a\u0627\u0646) \u0644\u0643\u0644 \u0643\u064a\u0644\u0648\u063a\u0631\u0627\u0645 \u0648\u0627\u062d\u062f \u0645\u0646 \u0643\u0639\u0643\u0629 \u0627\u0644\u0646\u062d\u0644 \u0623\u0648 \u0644\u062a\u0631 \u0648\u0627\u062d\u062f \u0645\u0646 \u0627\u0644\u0634\u0631\u0627\u0628<br \/>\u062a\u064f\u0636\u0627\u0641 \u0627\u0644\u062e\u0644\u0637\u0629 \u0627\u0644\u062c\u0627\u0647\u0632\u0629. [\u062a\u064f\u0636\u0627\u0641 \u0639\u0628\u0648\u062a\u0627\u0646 \u0625\u0644\u0649 50 \u0643\u064a\u0644\u0648\u063a\u0631\u0627\u0645\u064b\u0627 \u0645\u0646 \u0627\u0644\u0633\u0643\u0631.]<br \/><strong>\u0634\u0631\u0648\u0637 \u0627\u0644\u062a\u062e\u0632\u064a\u0646:<\/strong><br \/>\u064a\u064f\u062d\u0641\u0638 \u0641\u064a \u0645\u0643\u0627\u0646 \u0628\u0627\u0631\u062f \u0648\u062c\u0627\u0641 \u0648\u0645\u0638\u0644\u0645.<br \/><strong>\u0645\u0639\u0644\u0648\u0645\u0627\u062a \u0633\u0644\u0627\u0645\u0629 \u0627\u0644\u0645\u0646\u062a\u062c:<\/strong><br \/>\u0644\u0627 \u062a\u0648\u062c\u062f \u0622\u062b\u0627\u0631 \u062c\u0627\u0646\u0628\u064a\u0629 \u0645\u0639\u0631\u0648\u0641\u0629 \u0639\u0644\u0649 \u0627\u0644\u0646\u062d\u0644.<br \/>\u0627\u0628\u062a\u0639\u062f \u0639\u0646 \u0627\u0644\u0645\u0628\u064a\u062f\u0627\u062a \u0627\u0644\u062d\u0634\u0631\u064a\u0629.<br \/>\u0627\u0633\u062a\u062e\u062f\u0645 \u0627\u0644\u0639\u0628\u0648\u0627\u062a \u0627\u0644\u0645\u0641\u062a\u0648\u062d\u0629 \u062e\u0644\u0627\u0644 \u0641\u062a\u0631\u0629 \u0642\u0635\u064a\u0631\u0629.<br \/>\u0644\u0627 \u064a\u064f\u0646\u0635\u062d \u0628\u0627\u0633\u062a\u062e\u062f\u0627\u0645\u0647 \u0639\u0644\u0649 \u0623\u0646\u0648\u0627\u0639 \u0623\u062e\u0631\u0649 \u063a\u064a\u0631 \u0627\u0644\u0623\u0646\u0648\u0627\u0639 \u0627\u0644\u0645\u0633\u062a\u0647\u062f\u0641\u0629.<br \/>\u0644\u0627 \u062a\u0636\u064a\u0641\u0647 \u0625\u0644\u0649 \u0627\u0644\u0634\u0631\u0627\u0628 \u0627\u0644\u0645\u063a\u0644\u064a.<br \/><strong>\u0644\u0627 \u064a\u062a\u0631\u0643 \u0623\u064a \u0628\u0642\u0627\u064a\u0627 \u0641\u064a \u0627\u0644\u0639\u0633\u0644.<\/strong><br \/><strong>\u0646\u0645\u0648\u0630\u062c \u0627\u0644\u0639\u0631\u0636 \u0627\u0644\u062a\u062c\u0627\u0631\u064a:<\/strong><br \/>\u064a\u062a\u0645 \u062a\u0639\u0628\u0626\u0629 \u0627\u0644\u0645\u0646\u062a\u062c\u0627\u062a \u0641\u064a \u0623\u0643\u064a\u0627\u0633 \u0623\u0644\u0648\u0645\u0646\u064a\u0648\u0645 \u0648\u0632\u0646\u0647\u0627 100 \u063a\u0631\u0627\u0645\u060c \u0645\u0639 10 \u0623\u0643\u064a\u0627\u0633 \u0641\u064a \u0643\u0644 \u0635\u0646\u062f\u0648\u0642 \u0648120 \u0643\u064a\u0633\u0627\u064b \u0641\u064a \u0643\u0644 \u0643\u0631\u062a\u0648\u0646\u0629.<\/p>\t\t\t\t\t\t\t\t<\/div>\n\t\t\t\t<\/div>\n\t\t\t\t<div class=\"elementor-element elementor-element-5c7de1a elementor-widget elementor-widget-spacer\" data-id=\"5c7de1a\" data-element_type=\"widget\" data-e-type=\"widget\" data-widget_type=\"spacer.default\">\n\t\t\t\t<div class=\"elementor-widget-container\">\n\t\t\t\t\t\t\t<div class=\"elementor-spacer\">\n\t\t\t<div class=\"elementor-spacer-inner\"><\/div>\n\t\t<\/div>\n\t\t\t\t\t\t<\/div>\n\t\t\t\t<\/div>\n\t\t\t\t<\/div>\n\t\t\t\t\t<\/div>\n\t\t\t\t<\/div>\n\t\t<div class=\"elementor-element elementor-element-fb07720 e-flex e-con-boxed e-con e-parent\" data-id=\"fb07720\" data-element_type=\"container\" data-e-type=\"container\">\n\t\t\t\t\t<div class=\"e-con-inner\">\n\t\t\t\t<div class=\"elementor-element elementor-element-a3bea72 elementor-widget elementor-widget-html\" data-id=\"a3bea72\" data-element_type=\"widget\" data-e-type=\"widget\" data-widget_type=\"html.default\">\n\t\t\t\t<div class=\"elementor-widget-container\">\n\t\t\t\t\t<div style=\"max-width:900px; margin:20px auto; font-family:Arial, sans-serif; border-radius:20px; overflow:hidden; border:1px solid #d8caa0;\">\r\n  <table style=\"width:100%; border-collapse:collapse; text-align:center; font-size:15px; line-height:1.4;\">\r\n    <thead>\r\n      <tr>\r\n        <th rowspan=\"2\" style=\"background:#d8b11f; color:#000; padding:12px; border:1px solid #fff;\">\u0648\u0635\u0641\u064a<br>\u0631\u0642\u0645<\/th>\r\n        <th colspan=\"4\" style=\"background:#d8b11f; color:#000; padding:10px; border:1px solid #fff;\">\r\n          <strong>\u062a\u0639\u0628\u064a\u0631<\/strong> <em>\u0645\u0643\u0648\u0646\u0627\u062a<\/em> <span style=\"float:right; font-size:13px;\">\u0644\u0643\u0644 1000 \u063a\u0631\u0627\u0645<\/span>\r\n        <\/th>\r\n      <\/tr>\r\n      <tr>\r\n        <th style=\"background:#d8b11f; color:#000; padding:10px; border:1px solid #fff;\">\u0627\u0644\u0645\u0643\u0648\u0646 \u0627\u0644\u0646\u0634\u0637<br><em>\u0645\u0627\u062f\u0629<\/em><\/th>\r\n        <th colspan=\"2\" style=\"background:#d8b11f; color:#000; padding:10px; border:1px solid #fff;\">\u0627\u0633\u0645 \u0627\u0644\u0645\u0633\u0627\u0647\u0645\u0629<br><em>\u0627\u0633\u0645 \u0627\u0644\u0645\u0643\u0645\u0644 \u0627\u0644\u063a\u0630\u0627\u0626\u064a<\/em><\/th>\r\n        <th style=\"background:#d8b11f; color:#000; padding:10px; border:1px solid #fff;\">\u0645\u0633\u062a\u0648\u0649 \u0641\u064a \u0627\u0644\u0645\u0632\u064a\u062c \u0627\u0644\u0645\u0633\u0628\u0642<br><em>\u0627\u0644\u062c\u0631\u0639\u0629<\/em><\/th>\r\n        <th style=\"background:#d8b11f; color:#000; padding:10px; border:1px solid #fff;\">\u0648\u062d\u062f\u0629<br><em>\u0648\u062d\u062f\u0629<\/em><\/th>\r\n      <\/tr>\r\n    <\/thead>\r\n    <tbody>\r\n      <tr>\r\n        <td colspan=\"6\" style=\"background:#e9d69a; font-weight:bold; text-align:left; padding:8px 12px; border:1px solid #fff;\">\r\n          \u0627\u0644\u0641\u064a\u062a\u0627\u0645\u064a\u0646\u0627\u062a - <em>\u0627\u0644\u0641\u064a\u062a\u0627\u0645\u064a\u0646\u0627\u062a<\/em>\r\n        <\/td>\r\n      <\/tr>\r\n\r\n      <tr style=\"background:#f8f1da;\">\r\n        <td style=\"border:1px solid #fff; padding:8px;\">3a672a<\/td>\r\n        <td style=\"border:1px solid #fff; padding:8px;\">\u0641\u064a\u062a\u0627\u0645\u064a\u0646 \u0623 WS<\/td>\r\n        <td colspan=\"2\" style=\"border:1px solid #fff; padding:8px;\">\u0623\u0633\u064a\u062a\u0627\u062a \u0627\u0644\u0631\u064a\u062a\u064a\u0646\u064a\u0644<\/td>\r\n        <td style=\"border:1px solid #fff; padding:8px;\">2.500.000<\/td>\r\n        <td style=\"border:1px solid #fff; padding:8px;\">\u0648\u062d\u062f\u0629 \u062f\u0648\u0644\u064a\u0629\/\u0643\u062c\u0645<\/td>\r\n      <\/tr>\r\n      <tr style=\"background:#f8f1da;\">\r\n        <td style=\"border:1px solid #fff; padding:8px;\">3a671<\/td>\r\n        <td style=\"border:1px solid #fff; padding:8px;\">\u0641\u064a\u062a\u0627\u0645\u064a\u0646 \u062f3 WS<\/td>\r\n        <td colspan=\"2\" style=\"border:1px solid #fff; padding:8px;\">\u0643\u0648\u0644\u064a\u0643\u0627\u0644\u0633\u064a\u0641\u064a\u0631\u0648\u0644<\/td>\r\n        <td style=\"border:1px solid #fff; padding:8px;\">425.000<\/td>\r\n        <td style=\"border:1px solid #fff; padding:8px;\">\u0648\u062d\u062f\u0629 \u062f\u0648\u0644\u064a\u0629\/\u0643\u062c\u0645<\/td>\r\n      <\/tr>\r\n      <tr style=\"background:#f8f1da;\">\r\n        <td style=\"border:1px solid #fff; padding:8px;\">3a700<\/td>\r\n        <td style=\"border:1px solid #fff; padding:8px;\">\u0641\u064a\u062a\u0627\u0645\u064a\u0646 \u0647\u0640 WS<\/td>\r\n        <td colspan=\"2\" style=\"border:1px solid #fff; padding:8px;\">\u0623\u0633\u064a\u062a\u0627\u062a \u0623\u0644\u0641\u0627 \u062a\u0648\u0643\u0648\u0641\u064a\u0631\u064a\u0644<\/td>\r\n        <td style=\"border:1px solid #fff; padding:8px;\">550<\/td>\r\n        <td style=\"border:1px solid #fff; padding:8px;\">\u0645\u0644\u063a\u0645\/\u0643\u063a\u0645<\/td>\r\n      <\/tr>\r\n      <tr style=\"background:#f8f1da;\">\r\n        <td style=\"border:1px solid #fff; padding:8px;\">3a821<\/td>\r\n        <td style=\"border:1px solid #fff; padding:8px;\">\u0641\u064a\u062a\u0627\u0645\u064a\u0646 \u06281<\/td>\r\n        <td colspan=\"2\" style=\"border:1px solid #fff; padding:8px;\">\u0627\u0644\u062b\u064a\u0627\u0645\u064a\u0646<\/td>\r\n        <td style=\"border:1px solid #fff; padding:8px;\">210<\/td>\r\n        <td style=\"border:1px solid #fff; padding:8px;\">\u0645\u0644\u063a\u0645\/\u0643\u063a\u0645<\/td>\r\n      <\/tr>\r\n      <tr style=\"background:#f8f1da;\">\r\n        <td style=\"border:1px solid #fff; padding:8px;\"><\/td>\r\n        <td style=\"border:1px solid #fff; padding:8px;\">\u0641\u064a\u062a\u0627\u0645\u064a\u0646 \u06282<\/td>\r\n        <td colspan=\"2\" style=\"border:1px solid #fff; padding:8px;\">\u0627\u0644\u0631\u064a\u0628\u0648\u0641\u0644\u0627\u0641\u064a\u0646<\/td>\r\n        <td style=\"border:1px solid #fff; padding:8px;\">810<\/td>\r\n        <td style=\"border:1px solid #fff; padding:8px;\">\u0645\u0644\u063a\u0645\/\u0643\u063a\u0645<\/td>\r\n      <\/tr>\r\n      <tr style=\"background:#f8f1da;\">\r\n        <td style=\"border:1px solid #fff; padding:8px;\">3a831<\/td>\r\n        <td style=\"border:1px solid #fff; padding:8px;\">\u0641\u064a\u062a\u0627\u0645\u064a\u0646 \u06286<\/td>\r\n        <td colspan=\"2\" style=\"border:1px solid #fff; padding:8px;\">\u0628\u064a\u0631\u064a\u062f\u0648\u0643\u0633\u064a\u0646 \u0647\u064a\u062f\u0631\u0648\u0643\u0644\u0648\u0631\u064a\u062f<\/td>\r\n        <td style=\"border:1px solid #fff; padding:8px;\">210<\/td>\r\n        <td style=\"border:1px solid #fff; padding:8px;\">\u0645\u0644\u063a\u0645\/\u0643\u063a\u0645<\/td>\r\n      <\/tr>\r\n      <tr style=\"background:#f8f1da;\">\r\n        <td style=\"border:1px solid #fff; padding:8px;\"><\/td>\r\n        <td style=\"border:1px solid #fff; padding:8px;\">\u0641\u064a\u062a\u0627\u0645\u064a\u0646 \u062812<\/td>\r\n        <td colspan=\"2\" style=\"border:1px solid #fff; padding:8px;\">\u0633\u064a\u0627\u0646\u0648\u0643\u0648\u0628\u0627\u0644\u0627\u0645\u064a\u0646<\/td>\r\n        <td style=\"border:1px solid #fff; padding:8px;\">3<\/td>\r\n        <td style=\"border:1px solid #fff; padding:8px;\">\u0645\u0644\u063a\u0645\/\u0643\u063a\u0645<\/td>\r\n      <\/tr>\r\n      <tr style=\"background:#f8f1da;\">\r\n        <td style=\"border:1px solid #fff; padding:8px;\">3a710<\/td>\r\n        <td style=\"border:1px solid #fff; padding:8px;\">\u0641\u064a\u062a\u0627\u0645\u064a\u0646 \u06433<\/td>\r\n        <td colspan=\"2\" style=\"border:1px solid #fff; padding:8px;\">\u0645\u064a\u0646\u0627\u062f\u064a\u0648\u0646 \u0628\u064a\u0633\u0644\u0641\u064a\u062a \u0627\u0644\u0635\u0648\u062f\u064a\u0648\u0645<\/td>\r\n        <td style=\"border:1px solid #fff; padding:8px;\">1.500<\/td>\r\n        <td style=\"border:1px solid #fff; padding:8px;\">\u0645\u0644\u063a\u0645\/\u0643\u063a\u0645<\/td>\r\n      <\/tr>\r\n      <tr style=\"background:#f8f1da;\">\r\n        <td style=\"border:1px solid #fff; padding:8px;\">3a300<\/td>\r\n        <td style=\"border:1px solid #fff; padding:8px;\">\u0641\u064a\u062a\u0627\u0645\u064a\u0646 \u062c<\/td>\r\n        <td colspan=\"2\" style=\"border:1px solid #fff; padding:8px;\">\u062d\u0645\u0636 \u0627\u0644\u0623\u0633\u0643\u0648\u0631\u0628\u064a\u0643<\/td>\r\n        <td style=\"border:1px solid #fff; padding:8px;\">4.000<\/td>\r\n        <td style=\"border:1px solid #fff; padding:8px;\">\u0645\u0644\u063a\u0645\/\u0643\u063a\u0645<\/td>\r\n      <\/tr>\r\n      <tr style=\"background:#f8f1da;\">\r\n        <td style=\"border:1px solid #fff; padding:8px;\">3a841<\/td>\r\n        <td style=\"border:1px solid #fff; padding:8px;\">\u0641\u064a\u062a\u0627\u0645\u064a\u0646 \u06285<\/td>\r\n        <td colspan=\"2\" style=\"border:1px solid #fff; padding:8px;\">\u0628\u0627\u0646\u062a\u0648\u062b\u064a\u0646\u0627\u062a \u0627\u0644\u0643\u0627\u0644\u0633\u064a\u0648\u0645 \u062f<\/td>\r\n        <td style=\"border:1px solid #fff; padding:8px;\">1.500<\/td>\r\n        <td style=\"border:1px solid #fff; padding:8px;\">\u0645\u0644\u063a\u0645\/\u0643\u063a\u0645<\/td>\r\n      <\/tr>\r\n      <tr style=\"background:#f8f1da;\">\r\n        <td style=\"border:1px solid #fff; padding:8px;\">3a315<\/td>\r\n        <td style=\"border:1px solid #fff; padding:8px;\">\u0641\u064a\u062a\u0627\u0645\u064a\u0646 \u06283<\/td>\r\n        <td colspan=\"2\" style=\"border:1px solid #fff; padding:8px;\">\u0627\u0644\u0646\u064a\u0627\u0633\u064a\u0646\u0627\u0645\u064a\u062f<\/td>\r\n        <td style=\"border:1px solid #fff; padding:8px;\">3.000<\/td>\r\n        <td style=\"border:1px solid #fff; padding:8px;\">\u0645\u0644\u063a\u0645\/\u0643\u063a\u0645<\/td>\r\n      <\/tr>\r\n\r\n      <tr>\r\n        <td colspan=\"6\" style=\"background:#e9d69a; font-weight:bold; text-align:left; padding:8px 12px; border:1px solid #fff;\">\r\n          \u0627\u0644\u0645\u0639\u0627\u062f\u0646 - <em>\u0627\u0644\u0645\u0639\u0627\u062f\u0646<\/em>\r\n        <\/td>\r\n      <\/tr>\r\n\r\n      <tr style=\"background:#f8f1da;\">\r\n        <td style=\"border:1px solid #fff; padding:8px;\">11.3.1<\/td>\r\n        <td style=\"border:1px solid #fff; padding:8px;\">\u0627\u0644\u0641\u0648\u0633\u0641\u0648\u0631<\/td>\r\n        <td colspan=\"2\" style=\"border:1px solid #fff; padding:8px;\">\u0641\u0648\u0633\u0641\u0627\u062a \u062b\u0646\u0627\u0626\u064a \u0627\u0644\u0643\u0627\u0644\u0633\u064a\u0648\u0645<\/td>\r\n        <td style=\"border:1px solid #fff; padding:8px;\">650<\/td>\r\n        <td style=\"border:1px solid #fff; padding:8px;\">\u0645\u0644\u063a\u0645\/\u0643\u063a\u0645<\/td>\r\n      <\/tr>\r\n      <tr style=\"background:#f8f1da;\">\r\n        <td style=\"border:1px solid #fff; padding:8px;\">11.3.1<\/td>\r\n        <td style=\"border:1px solid #fff; padding:8px;\">\u0627\u0644\u0643\u0627\u0644\u0633\u064a\u0648\u0645<\/td>\r\n        <td colspan=\"2\" style=\"border:1px solid #fff; padding:8px;\">\u0641\u0648\u0633\u0641\u0627\u062a \u062b\u0646\u0627\u0626\u064a \u0627\u0644\u0643\u0627\u0644\u0633\u064a\u0648\u0645<\/td>\r\n        <td style=\"border:1px solid #fff; padding:8px;\">866<\/td>\r\n        <td style=\"border:1px solid #fff; padding:8px;\">\u0645\u0644\u063a\u0645\/\u0643\u063a\u0645<\/td>\r\n      <\/tr>\r\n      <tr style=\"background:#f8f1da;\">\r\n        <td style=\"border:1px solid #fff; padding:8px;\">11.4.1<\/td>\r\n        <td style=\"border:1px solid #fff; padding:8px;\">\u0627\u0644\u0635\u0648\u062f\u064a\u0648\u0645<\/td>\r\n        <td colspan=\"2\" style=\"border:1px solid #fff; padding:8px;\">\u0643\u0644\u0648\u0631\u064a\u062f \u0627\u0644\u0635\u0648\u062f\u064a\u0648\u0645<\/td>\r\n        <td style=\"border:1px solid #fff; padding:8px;\">4.000<\/td>\r\n        <td style=\"border:1px solid #fff; padding:8px;\">\u0645\u0644\u063a\u0645\/\u0643\u063a\u0645<\/td>\r\n      <\/tr>\r\n      <tr style=\"background:#f8f1da;\">\r\n        <td style=\"border:1px solid #fff; padding:8px;\">11.4.1<\/td>\r\n        <td style=\"border:1px solid #fff; padding:8px;\">\u0627\u0644\u0643\u0644\u0648\u0631<\/td>\r\n        <td colspan=\"2\" style=\"border:1px solid #fff; padding:8px;\">\u0643\u0644\u0648\u0631\u064a\u062f \u0627\u0644\u0635\u0648\u062f\u064a\u0648\u0645<\/td>\r\n        <td style=\"border:1px solid #fff; padding:8px;\">6.154<\/td>\r\n        <td style=\"border:1px solid #fff; padding:8px;\">\u0645\u0644\u063a\u0645\/\u0643\u063a\u0645<\/td>\r\n      <\/tr>\r\n\r\n      <tr>\r\n        <td colspan=\"6\" style=\"background:#e9d69a; font-weight:bold; text-align:left; padding:8px 12px; border:1px solid #fff;\">\r\n          \u0634\u0631\u0643\u0629 \u0627\u0644\u0646\u0642\u0644 - <em>\u0627\u0644\u0646\u0627\u0642\u0644<\/em>\r\n        <\/td>\r\n      <\/tr>\r\n\r\n      <tr style=\"background:#f8f1da;\">\r\n        <td style=\"border:1px solid #fff; padding:8px;\"><\/td>\r\n        <td style=\"border:1px solid #fff; padding:8px;\">\u0633\u0643\u0631<\/td>\r\n        <td colspan=\"2\" style=\"border:1px solid #fff; padding:8px;\">\u0633\u0643\u0631 \u0627\u0644\u0628\u0646\u062c\u0631 \u0627\u0644\u0628\u0648\u062f\u0631\u0629<\/td>\r\n        <td style=\"border:1px solid #fff; padding:8px;\">qsp<\/td>\r\n        <td style=\"border:1px solid #fff; padding:8px;\"><\/td>\r\n      <\/tr>\r\n    <\/tbody>\r\n  <\/table>\r\n<\/div>\t\t\t\t<\/div>\n\t\t\t\t<\/div>\n\t\t\t\t\t<\/div>\n\t\t\t\t<\/div>\n\t\t<div class=\"elementor-element elementor-element-7f62c6c e-flex e-con-boxed e-con e-parent\" data-id=\"7f62c6c\" data-element_type=\"container\" data-e-type=\"container\">\n\t\t\t\t\t<div class=\"e-con-inner\">\n\t\t\t\t<div class=\"elementor-element elementor-element-d4da925 elementor-widget elementor-widget-spacer\" data-id=\"d4da925\" data-element_type=\"widget\" data-e-type=\"widget\" data-widget_type=\"spacer.default\">\n\t\t\t\t<div class=\"elementor-widget-container\">\n\t\t\t\t\t\t\t<div class=\"elementor-spacer\">\n\t\t\t<div class=\"elementor-spacer-inner\"><\/div>\n\t\t<\/div>\n\t\t\t\t\t\t<\/div>\n\t\t\t\t<\/div>\n\t\t\t\t\t<\/div>\n\t\t\t\t<\/div>\n\t\t\t\t<\/div>","protected":false},"excerpt":{"rendered":"<p>Beelove Vitamin &amp; Mineral Ekin Premiks \u00dcR\u00dcN KODU: EP001 KULLANIM AMACI:*Bal ar\u0131lar\u0131nda vitamin ve mineral takviyesini sa\u011flar.*Ar\u0131lar daha sa\u011fl\u0131kl\u0131 ve daha g\u00fc\u00e7l\u00fc olur.*Yavru say\u0131s\u0131nda art\u0131\u015f sa\u011flar.*Ar\u0131larda ba\u011f\u0131\u015f\u0131kl\u0131\u011f\u0131 g\u00fc\u00e7lendirir.*Ar\u0131 kay\u0131plar\u0131n\u0131n azalmas\u0131nda etkilidir.*Verimli bal al\u0131n\u0131r.KULLANIM \u015eEKL\u0130:1kg ar\u0131 kekine veya 1litre \u015furuba 4gr (2 \u00e7ay ka\u015f\u0131\u011f\u0131)PREM\u0130KS ilave edilir. [50kg \u015fekere 2 paket ilave edilir.]DEPOLAMA KO\u015eULLARI:Serin, kuru ve \u0131\u015f\u0131ks\u0131z<\/p>\n<a class=\"read-more\" href=\"https:\/\/www.ekinpremiks.com.tr\/ar\/beelove\/\">\u0627\u0642\u0631\u0623 \u0627\u0644\u0645\u0632\u064a\u062f<\/a>","protected":false},"author":1,"featured_media":0,"parent":0,"menu_order":0,"comment_status":"closed","ping_status":"closed","template":"elementor_header_footer","meta":{"footnotes":""},"class_list":["post-1114","page","type-page","status-publish","hentry"],"_links":{"self":[{"href":"https:\/\/www.ekinpremiks.com.tr\/ar\/wp-json\/wp\/v2\/pages\/1114","targetHints":{"allow":["GET"]}}],"collection":[{"href":"https:\/\/www.ekinpremiks.com.tr\/ar\/wp-json\/wp\/v2\/pages"}],"about":[{"href":"https:\/\/www.ekinpremiks.com.tr\/ar\/wp-json\/wp\/v2\/types\/page"}],"author":[{"embeddable":true,"href":"https:\/\/www.ekinpremiks.com.tr\/ar\/wp-json\/wp\/v2\/users\/1"}],"replies":[{"embeddable":true,"href":"https:\/\/www.ekinpremiks.com.tr\/ar\/wp-json\/wp\/v2\/comments?post=1114"}],"version-history":[{"count":13,"href":"https:\/\/www.ekinpremiks.com.tr\/ar\/wp-json\/wp\/v2\/pages\/1114\/revisions"}],"predecessor-version":[{"id":1168,"href":"https:\/\/www.ekinpremiks.com.tr\/ar\/wp-json\/wp\/v2\/pages\/1114\/revisions\/1168"}],"wp:attachment":[{"href":"https:\/\/www.ekinpremiks.com.tr\/ar\/wp-json\/wp\/v2\/media?parent=1114"}],"curies":[{"name":"wp","href":"https:\/\/api.w.org\/{rel}","templated":true}]}}