 {"id":1116,"date":"2026-03-22T23:17:24","date_gmt":"2026-03-22T23:17:24","guid":{"rendered":"http:\/\/www.ekinpremiks.com.tr\/?page_id=1116"},"modified":"2026-03-23T00:12:18","modified_gmt":"2026-03-23T00:12:18","slug":"minbeelove","status":"publish","type":"page","link":"https:\/\/www.ekinpremiks.com.tr\/ar\/minbeelove\/","title":{"rendered":"\u0645\u064a\u0646\u0628\u064a\u0644\u0648\u0641"},"content":{"rendered":"<div data-elementor-type=\"wp-page\" data-elementor-id=\"1116\" class=\"elementor elementor-1116\">\n\t\t\t\t<div class=\"elementor-element elementor-element-a7907b5 e-flex e-con-boxed e-con e-parent\" data-id=\"a7907b5\" data-element_type=\"container\" data-e-type=\"container\" data-settings=\"{&quot;background_background&quot;:&quot;classic&quot;}\">\n\t\t\t\t\t<div class=\"e-con-inner\">\n\t\t\t\t<div class=\"elementor-element elementor-element-a3e7eff elementor-widget elementor-widget-heading\" data-id=\"a3e7eff\" data-element_type=\"widget\" data-e-type=\"widget\" data-widget_type=\"heading.default\">\n\t\t\t\t<div class=\"elementor-widget-container\">\n\t\t\t\t\t<h2 class=\"elementor-heading-title elementor-size-default\">\u0645\u064a\u0646\u0628\u064a\u0644\u0648\u0641 \u0645\u064a\u0646\u064a\u0631\u0627\u0644<\/h2>\t\t\t\t<\/div>\n\t\t\t\t<\/div>\n\t\t\t\t<div class=\"elementor-element elementor-element-4aa6fa6 elementor-widget elementor-widget-heading\" data-id=\"4aa6fa6\" data-element_type=\"widget\" data-e-type=\"widget\" data-widget_type=\"heading.default\">\n\t\t\t\t<div class=\"elementor-widget-container\">\n\t\t\t\t\t<h2 class=\"elementor-heading-title elementor-size-default\">\u0625\u064a\u0643\u064a\u0646 \u0628\u0631\u064a\u0645\u0643\u0633<\/h2>\t\t\t\t<\/div>\n\t\t\t\t<\/div>\n\t\t\t\t\t<\/div>\n\t\t\t\t<\/div>\n\t\t<div class=\"elementor-element elementor-element-76e1d6a e-flex e-con-boxed e-con e-parent\" data-id=\"76e1d6a\" data-element_type=\"container\" data-e-type=\"container\">\n\t\t\t\t\t<div class=\"e-con-inner\">\n\t\t\t\t<div class=\"elementor-element elementor-element-32c691b elementor-widget elementor-widget-spacer\" data-id=\"32c691b\" data-element_type=\"widget\" data-e-type=\"widget\" data-widget_type=\"spacer.default\">\n\t\t\t\t<div class=\"elementor-widget-container\">\n\t\t\t\t\t\t\t<div class=\"elementor-spacer\">\n\t\t\t<div class=\"elementor-spacer-inner\"><\/div>\n\t\t<\/div>\n\t\t\t\t\t\t<\/div>\n\t\t\t\t<\/div>\n\t\t\t\t\t<\/div>\n\t\t\t\t<\/div>\n\t\t<div class=\"elementor-element elementor-element-895e5b8 e-flex e-con-boxed e-con e-parent\" data-id=\"895e5b8\" data-element_type=\"container\" data-e-type=\"container\">\n\t\t\t\t\t<div class=\"e-con-inner\">\n\t\t<div class=\"elementor-element elementor-element-221327a e-con-full e-flex e-con e-child\" data-id=\"221327a\" data-element_type=\"container\" data-e-type=\"container\">\n\t\t\t\t<div class=\"elementor-element elementor-element-54f52a8 elementor-widget elementor-widget-image\" data-id=\"54f52a8\" data-element_type=\"widget\" data-e-type=\"widget\" data-widget_type=\"image.default\">\n\t\t\t\t<div class=\"elementor-widget-container\">\n\t\t\t\t\t\t\t\t\t\t\t\t\t\t\t<img fetchpriority=\"high\" decoding=\"async\" width=\"640\" height=\"640\" src=\"https:\/\/www.ekinpremiks.com.tr\/wp-content\/uploads\/2026\/03\/bu_urunun_bana_202603230306-1-1024x1024.png\" class=\"attachment-large size-large wp-image-1158\" alt=\"\" srcset=\"https:\/\/www.ekinpremiks.com.tr\/wp-content\/uploads\/2026\/03\/bu_urunun_bana_202603230306-1-1024x1024.png 1024w, https:\/\/www.ekinpremiks.com.tr\/wp-content\/uploads\/2026\/03\/bu_urunun_bana_202603230306-1-300x300.png 300w, https:\/\/www.ekinpremiks.com.tr\/wp-content\/uploads\/2026\/03\/bu_urunun_bana_202603230306-1-150x150.png 150w, https:\/\/www.ekinpremiks.com.tr\/wp-content\/uploads\/2026\/03\/bu_urunun_bana_202603230306-1-768x768.png 768w, https:\/\/www.ekinpremiks.com.tr\/wp-content\/uploads\/2026\/03\/bu_urunun_bana_202603230306-1-1536x1536.png 1536w, https:\/\/www.ekinpremiks.com.tr\/wp-content\/uploads\/2026\/03\/bu_urunun_bana_202603230306-1.png 2048w\" sizes=\"(max-width: 640px) 100vw, 640px\" \/>\t\t\t\t\t\t\t\t\t\t\t\t\t\t\t<\/div>\n\t\t\t\t<\/div>\n\t\t\t\t<div class=\"elementor-element elementor-element-8c6ba2c elementor-hidden-desktop elementor-widget elementor-widget-spacer\" data-id=\"8c6ba2c\" data-element_type=\"widget\" data-e-type=\"widget\" data-widget_type=\"spacer.default\">\n\t\t\t\t<div class=\"elementor-widget-container\">\n\t\t\t\t\t\t\t<div class=\"elementor-spacer\">\n\t\t\t<div class=\"elementor-spacer-inner\"><\/div>\n\t\t<\/div>\n\t\t\t\t\t\t<\/div>\n\t\t\t\t<\/div>\n\t\t\t\t<\/div>\n\t\t<div class=\"elementor-element elementor-element-78a2c38 e-con-full e-flex e-con e-child\" data-id=\"78a2c38\" data-element_type=\"container\" data-e-type=\"container\">\n\t\t\t\t<div class=\"elementor-element elementor-element-a3c26e6 elementor-widget elementor-widget-text-editor\" data-id=\"a3c26e6\" data-element_type=\"widget\" data-e-type=\"widget\" data-widget_type=\"text-editor.default\">\n\t\t\t\t<div class=\"elementor-widget-container\">\n\t\t\t\t\t\t\t\t\t<p><strong>\u0631\u0645\u0632 \u0627\u0644\u0645\u0646\u062a\u062c: EP002<\/strong><\/p><p><strong>\u0627\u0644\u063a\u0631\u0636 \u0645\u0646 \u0627\u0644\u0627\u0633\u062a\u062e\u062f\u0627\u0645:<\/strong><br \/>*\u064a\u0648\u0641\u0631 \u0645\u0643\u0645\u0644\u0627\u062a \u0645\u0639\u062f\u0646\u064a\u0629 \u0644\u0646\u062d\u0644 \u0627\u0644\u0639\u0633\u0644.<br \/>*\u062a\u0635\u0628\u062d \u0627\u0644\u0646\u062d\u0644\u0627\u062a \u0623\u0643\u062b\u0631 \u0635\u062d\u0629 \u0648\u0642\u0648\u0629.<br \/>*\u064a\u0632\u064a\u062f \u0645\u0646 \u0639\u062f\u062f \u0627\u0644\u0646\u0633\u0644.<br \/>*\u064a\u0642\u0644\u0644 \u0630\u0644\u0643 \u0645\u0646 \u0645\u064a\u0644 \u0627\u0644\u0646\u062d\u0644 \u0644\u0644\u0630\u0647\u0627\u0628 \u0625\u0644\u0649 \u0627\u0644\u0645\u064a\u0627\u0647 \u0627\u0644\u0645\u0644\u0648\u062b\u0629.<br \/>*\u064a\u0646\u0638\u0641 \u0648\u064a\u0647\u062f\u0626 \u0623\u0645\u0639\u0627\u0621 \u0627\u0644\u0646\u062d\u0644.<br \/>(\u064a\u0643\u0648\u0646 \u0641\u0639\u0627\u0644\u0627\u064b \u0628\u0634\u0643\u0644 \u062e\u0627\u0635 \u0639\u0646\u062f \u0625\u0639\u0637\u0627\u0626\u0647 \u0645\u0639 \u0634\u0631\u0627\u0628 \u0641\u0627\u062a\u0631 \u0623\u062b\u0646\u0627\u0621 \u0627\u0644\u0631\u0639\u0627\u064a\u0629 \u0628\u0639\u062f \u0641\u0635\u0644 \u0627\u0644\u0634\u062a\u0627\u0621.)<br \/>*\u0625\u0646\u0647 \u0641\u0639\u0627\u0644 \u0641\u064a \u0627\u0644\u062d\u062f \u0645\u0646 \u062e\u0633\u0627\u0626\u0631 \u0627\u0644\u0646\u062d\u0644.<br \/><strong>\u0627\u0644\u0627\u0633\u062a\u062e\u062f\u0627\u0645:<\/strong><br \/>2 \u063a\u0631\u0627\u0645 (\u0645\u0644\u0639\u0642\u0629 \u0635\u063a\u064a\u0631\u0629 \u0648\u0627\u062d\u062f\u0629) \u0644\u0643\u0644 1 \u0643\u064a\u0644\u0648\u063a\u0631\u0627\u0645 \u0645\u0646 \u0643\u0639\u0643\u0629 \u0627\u0644\u0646\u062d\u0644 \u0623\u0648 1 \u0644\u062a\u0631 \u0645\u0646 \u0627\u0644\u0634\u0631\u0627\u0628.<br \/>\u062a\u064f\u0636\u0627\u0641 \u0627\u0644\u062e\u0644\u0637\u0629 \u0627\u0644\u062c\u0627\u0647\u0632\u0629. [\u062a\u064f\u0636\u0627\u0641 \u0639\u0628\u0648\u0629 \u0648\u0627\u062d\u062f\u0629 \u0625\u0644\u0649 50 \u0643\u064a\u0644\u0648\u063a\u0631\u0627\u0645\u064b\u0627 \u0645\u0646 \u0627\u0644\u0633\u0643\u0631.]<br \/><strong>\u0634\u0631\u0648\u0637 \u0627\u0644\u062a\u062e\u0632\u064a\u0646:<\/strong><br \/>\u064a\u064f\u062d\u0641\u0638 \u0641\u064a \u0645\u0643\u0627\u0646 \u0628\u0627\u0631\u062f \u0648\u062c\u0627\u0641 \u0648\u0645\u0638\u0644\u0645.<br \/><strong>\u0645\u0639\u0644\u0648\u0645\u0627\u062a \u0633\u0644\u0627\u0645\u0629 \u0627\u0644\u0645\u0646\u062a\u062c:<\/strong><br \/>\u0644\u0627 \u062a\u0648\u062c\u062f \u0622\u062b\u0627\u0631 \u062c\u0627\u0646\u0628\u064a\u0629 \u0645\u0639\u0631\u0648\u0641\u0629 \u0639\u0644\u0649 \u0627\u0644\u0646\u062d\u0644.<br \/>\u0627\u0628\u062a\u0639\u062f \u0639\u0646 \u0627\u0644\u0645\u0628\u064a\u062f\u0627\u062a \u0627\u0644\u062d\u0634\u0631\u064a\u0629.<br \/>\u0627\u0633\u062a\u062e\u062f\u0645 \u0627\u0644\u0639\u0628\u0648\u0627\u062a \u0627\u0644\u0645\u0641\u062a\u0648\u062d\u0629 \u062e\u0644\u0627\u0644 \u0641\u062a\u0631\u0629 \u0642\u0635\u064a\u0631\u0629.<br \/>\u0644\u0627 \u064a\u064f\u0646\u0635\u062d \u0628\u0627\u0633\u062a\u062e\u062f\u0627\u0645\u0647 \u0639\u0644\u0649 \u0623\u0646\u0648\u0627\u0639 \u0623\u062e\u0631\u0649 \u063a\u064a\u0631 \u0627\u0644\u0623\u0646\u0648\u0627\u0639 \u0627\u0644\u0645\u0633\u062a\u0647\u062f\u0641\u0629.<br \/>\u0644\u0627 \u062a\u0636\u064a\u0641\u0647 \u0625\u0644\u0649 \u0627\u0644\u0634\u0631\u0627\u0628 \u0627\u0644\u0645\u063a\u0644\u064a.<br \/><strong>\u0644\u0627 \u064a\u062a\u0631\u0643 \u0623\u064a \u0628\u0642\u0627\u064a\u0627 \u0641\u064a \u0627\u0644\u0639\u0633\u0644.<\/strong><br \/><strong>\u0646\u0645\u0648\u0630\u062c \u0627\u0644\u0639\u0631\u0636 \u0627\u0644\u062a\u062c\u0627\u0631\u064a:<\/strong><br \/>\u064a\u062a\u0645 \u062a\u0639\u0628\u0626\u0629 \u0627\u0644\u0645\u0646\u062a\u062c\u0627\u062a \u0641\u064a \u0623\u0643\u064a\u0627\u0633 \u0623\u0644\u0648\u0645\u0646\u064a\u0648\u0645 \u0648\u0632\u0646\u0647\u0627 100 \u063a\u0631\u0627\u0645\u060c \u0645\u0639 10 \u0623\u0643\u064a\u0627\u0633 \u0641\u064a \u0643\u0644 \u0635\u0646\u062f\u0648\u0642 \u0648120 \u0643\u064a\u0633\u0627\u064b \u0641\u064a \u0643\u0644 \u0643\u0631\u062a\u0648\u0646\u0629.<\/p>\t\t\t\t\t\t\t\t<\/div>\n\t\t\t\t<\/div>\n\t\t\t\t<div class=\"elementor-element elementor-element-d05a5d4 elementor-widget elementor-widget-spacer\" data-id=\"d05a5d4\" data-element_type=\"widget\" data-e-type=\"widget\" data-widget_type=\"spacer.default\">\n\t\t\t\t<div class=\"elementor-widget-container\">\n\t\t\t\t\t\t\t<div class=\"elementor-spacer\">\n\t\t\t<div class=\"elementor-spacer-inner\"><\/div>\n\t\t<\/div>\n\t\t\t\t\t\t<\/div>\n\t\t\t\t<\/div>\n\t\t\t\t<\/div>\n\t\t\t\t\t<\/div>\n\t\t\t\t<\/div>\n\t\t<div class=\"elementor-element elementor-element-cb7b36e e-flex e-con-boxed e-con e-parent\" data-id=\"cb7b36e\" data-element_type=\"container\" data-e-type=\"container\">\n\t\t\t\t\t<div class=\"e-con-inner\">\n\t\t\t\t<div class=\"elementor-element elementor-element-6708297 elementor-widget elementor-widget-html\" data-id=\"6708297\" data-element_type=\"widget\" data-e-type=\"widget\" data-widget_type=\"html.default\">\n\t\t\t\t<div class=\"elementor-widget-container\">\n\t\t\t\t\t<div style=\"max-width:900px; margin:20px auto; font-family:Arial, Helvetica, sans-serif; border-radius:18px; overflow:hidden; border:1px solid #d7e3df;\">\r\n  <table style=\"width:100%; border-collapse:collapse; text-align:center; font-size:15px; line-height:1.2; background:#eef4f2;\">\r\n    <thead>\r\n      <tr>\r\n        <th rowspan=\"2\" style=\"background:#234f3c; color:#fff; padding:10px 8px; border:2px solid #ffffff; width:16%;\">\r\n          \u0648\u0635\u0641\u064a<br>\u0631\u0642\u0645\r\n        <\/th>\r\n        <th colspan=\"2\" style=\"background:#234f3c; color:#fff; padding:6px 8px; border:2px solid #ffffff;\">\r\n          <span style=\"font-weight:700;\">\u062a\u0639\u0628\u064a\u0631<\/span> &nbsp;&nbsp;\r\n          <span style=\"font-style:italic; font-weight:400;\">\u0645\u0643\u0648\u0646\u0627\u062a<\/span>\r\n        <\/th>\r\n        <th colspan=\"2\" style=\"background:#234f3c; color:#fff; padding:6px 8px; border:2px solid #ffffff; width:28%;\">\r\n          \u0644\u0643\u0644 1000 \u063a\u0631\u0627\u0645\r\n        <\/th>\r\n      <\/tr>\r\n      <tr>\r\n        <th style=\"background:#234f3c; color:#fff; padding:8px; border:2px solid #ffffff; width:22%;\">\r\n          \u0627\u0644\u0645\u0643\u0648\u0646 \u0627\u0644\u0646\u0634\u0637<br><span style=\"font-style:italic; font-weight:400;\">\u0645\u0627\u062f\u0629<\/span>\r\n        <\/th>\r\n        <th style=\"background:#234f3c; color:#fff; padding:8px; border:2px solid #ffffff; width:38%;\">\r\n          \u0627\u0633\u0645 \u0627\u0644\u0645\u0633\u0627\u0647\u0645\u0629<br><span style=\"font-style:italic; font-weight:400;\">\u0627\u0633\u0645 \u0627\u0644\u0645\u0643\u0645\u0644 \u0627\u0644\u063a\u0630\u0627\u0626\u064a<\/span>\r\n        <\/th>\r\n        <th style=\"background:#234f3c; color:#fff; padding:8px; border:2px solid #ffffff; width:14%;\">\r\n          \u0645\u0633\u062a\u0648\u0649 \u0641\u064a \u0627\u0644\u0645\u0632\u064a\u062c \u0627\u0644\u0645\u0633\u0628\u0642<br><span style=\"font-style:italic; font-weight:400;\">\u0627\u0644\u062c\u0631\u0639\u0629<\/span>\r\n        <\/th>\r\n        <th style=\"background:#234f3c; color:#fff; padding:8px; border:2px solid #ffffff; width:10%;\">\r\n          \u0648\u062d\u062f\u0629<br><span style=\"font-style:italic; font-weight:400;\">\u0648\u062d\u062f\u0629<\/span>\r\n        <\/th>\r\n      <\/tr>\r\n    <\/thead>\r\n\r\n    <tbody>\r\n      <tr>\r\n        <td colspan=\"5\" style=\"background:#78cfc0; color:#000; font-weight:700; text-align:left; padding:6px 12px; border:2px solid #ffffff; font-size:18px;\">\r\n          \u0627\u0644\u0645\u0639\u0627\u062f\u0646\r\n        <\/td>\r\n      <\/tr>\r\n\r\n      <tr style=\"background:#dfe8e6;\">\r\n        <td style=\"padding:6px 8px; border:2px solid #ffffff; font-weight:700;\">3b506<\/td>\r\n        <td style=\"padding:6px 8px; border:2px solid #ffffff; font-weight:700; text-align:left;\">\u0627\u0644\u0645\u0646\u063a\u0646\u064a\u0632<\/td>\r\n        <td style=\"padding:6px 8px; border:2px solid #ffffff; font-weight:700; text-align:left;\">\u0645\u062e\u0644\u0628 \u062c\u0644\u064a\u0633\u064a\u0646 \u0627\u0644\u0645\u0646\u063a\u0646\u064a\u0632<\/td>\r\n        <td style=\"padding:6px 8px; border:2px solid #ffffff; font-weight:700;\">450<\/td>\r\n        <td style=\"padding:6px 8px; border:2px solid #ffffff;\">\u0645\u0644\u063a\u0645\/\u0643\u063a\u0645<\/td>\r\n      <\/tr>\r\n\r\n      <tr style=\"background:#dfe8e6;\">\r\n        <td style=\"padding:6px 8px; border:2px solid #ffffff; font-weight:700;\">E1<\/td>\r\n        <td style=\"padding:6px 8px; border:2px solid #ffffff; font-weight:700; text-align:left;\">\u062d\u062f\u064a\u062f<\/td>\r\n        <td style=\"padding:6px 8px; border:2px solid #ffffff; font-weight:700; text-align:left;\">\u0645\u062e\u0644\u0628 \u062c\u0644\u064a\u0633\u064a\u0646 \u0627\u0644\u062d\u062f\u064a\u062f\u0648\u0632<\/td>\r\n        <td style=\"padding:6px 8px; border:2px solid #ffffff; font-weight:700;\">600<\/td>\r\n        <td style=\"padding:6px 8px; border:2px solid #ffffff;\">\u0645\u0644\u063a\u0645\/\u0643\u063a\u0645<\/td>\r\n      <\/tr>\r\n\r\n      <tr style=\"background:#dfe8e6;\">\r\n        <td style=\"padding:6px 8px; border:2px solid #ffffff; font-weight:700;\">3b607<\/td>\r\n        <td style=\"padding:6px 8px; border:2px solid #ffffff; font-weight:700; text-align:left;\">\u0627\u0644\u0632\u0646\u0643<\/td>\r\n        <td style=\"padding:6px 8px; border:2px solid #ffffff; font-weight:700; text-align:left;\">\u0645\u062e\u0644\u0628 \u063a\u0644\u064a\u0633\u064a\u0646 \u0627\u0644\u0632\u0646\u0643<\/td>\r\n        <td style=\"padding:6px 8px; border:2px solid #ffffff; font-weight:700;\">600<\/td>\r\n        <td style=\"padding:6px 8px; border:2px solid #ffffff;\">\u0645\u0644\u063a\u0645\/\u0643\u063a\u0645<\/td>\r\n      <\/tr>\r\n\r\n      <tr style=\"background:#dfe8e6;\">\r\n        <td style=\"padding:6px 8px; border:2px solid #ffffff; font-weight:700;\">E4<\/td>\r\n        <td style=\"padding:6px 8px; border:2px solid #ffffff; font-weight:700; text-align:left;\">\u0646\u062d\u0627\u0633<\/td>\r\n        <td style=\"padding:6px 8px; border:2px solid #ffffff; font-weight:700; text-align:left;\">\u0645\u062e\u0644\u0628 \u063a\u0644\u064a\u0633\u064a\u0646 \u0627\u0644\u0646\u062d\u0627\u0633<\/td>\r\n        <td style=\"padding:6px 8px; border:2px solid #ffffff; font-weight:700;\">150<\/td>\r\n        <td style=\"padding:6px 8px; border:2px solid #ffffff;\">\u0645\u0644\u063a\u0645\/\u0643\u063a\u0645<\/td>\r\n      <\/tr>\r\n\r\n      <tr style=\"background:#dfe8e6;\">\r\n        <td style=\"padding:6px 8px; border:2px solid #ffffff; font-weight:700;\">3b202<\/td>\r\n        <td style=\"padding:6px 8px; border:2px solid #ffffff; font-weight:700; text-align:left;\">\u0627\u0644\u064a\u0648\u062f<\/td>\r\n        <td style=\"padding:6px 8px; border:2px solid #ffffff; font-weight:700; text-align:left;\">\u064a\u0648\u062f\u0627\u062a \u0627\u0644\u0643\u0627\u0644\u0633\u064a\u0648\u0645<\/td>\r\n        <td style=\"padding:6px 8px; border:2px solid #ffffff; font-weight:700;\">160<\/td>\r\n        <td style=\"padding:6px 8px; border:2px solid #ffffff;\">\u0645\u0644\u063a\u0645\/\u0643\u063a\u0645<\/td>\r\n      <\/tr>\r\n\r\n      <tr style=\"background:#dfe8e6;\">\r\n        <td style=\"padding:6px 8px; border:2px solid #ffffff; font-weight:700;\">3b305<\/td>\r\n        <td style=\"padding:6px 8px; border:2px solid #ffffff; font-weight:700; text-align:left;\">\u0627\u0644\u0643\u0648\u0628\u0627\u0644\u062a<\/td>\r\n        <td style=\"padding:6px 8px; border:2px solid #ffffff; font-weight:700; text-align:left;\">\u0643\u0628\u0631\u064a\u062a\u0627\u062a \u0627\u0644\u0643\u0648\u0628\u0627\u0644\u062a<\/td>\r\n        <td style=\"padding:6px 8px; border:2px solid #ffffff; font-weight:700;\">250<\/td>\r\n        <td style=\"padding:6px 8px; border:2px solid #ffffff;\">\u0645\u0644\u063a\u0645\/\u0643\u063a\u0645<\/td>\r\n      <\/tr>\r\n\r\n      <tr style=\"background:#dfe8e6;\">\r\n        <td style=\"padding:6px 8px; border:2px solid #ffffff; font-weight:700;\">3b815<\/td>\r\n        <td style=\"padding:6px 8px; border:2px solid #ffffff; font-weight:700; text-align:left;\">\u0627\u0644\u0633\u064a\u0644\u064a\u0646\u064a\u0648\u0645<\/td>\r\n        <td style=\"padding:6px 8px; border:2px solid #ffffff; font-weight:700; text-align:left;\">\u0633\u064a\u0644\u064a\u0646\u064a\u0648\u0645 \u062c\u0644\u064a\u0633\u064a\u0646 \u0643\u064a\u0644\u0627\u062a<\/td>\r\n        <td style=\"padding:6px 8px; border:2px solid #ffffff; font-weight:700;\">25<\/td>\r\n        <td style=\"padding:6px 8px; border:2px solid #ffffff;\">\u0645\u0644\u063a\u0645\/\u0643\u063a\u0645<\/td>\r\n      <\/tr>\r\n\r\n      <tr style=\"background:#dfe8e6;\">\r\n        <td style=\"padding:6px 8px; border:2px solid #ffffff; font-weight:700;\">11.2.4<\/td>\r\n        <td style=\"padding:6px 8px; border:2px solid #ffffff; font-weight:700; text-align:left;\">\u0627\u0644\u0645\u063a\u0646\u064a\u0633\u064a\u0648\u0645<\/td>\r\n        <td style=\"padding:6px 8px; border:2px solid #ffffff; font-weight:700; text-align:left;\">\u0643\u0628\u0631\u064a\u062a\u0627\u062a \u0627\u0644\u0645\u063a\u0646\u064a\u0633\u064a\u0648\u0645<\/td>\r\n        <td style=\"padding:6px 8px; border:2px solid #ffffff; font-weight:700;\">12.000<\/td>\r\n        <td style=\"padding:6px 8px; border:2px solid #ffffff;\">\u0645\u0644\u063a\u0645\/\u0643\u063a\u0645<\/td>\r\n      <\/tr>\r\n\r\n      <tr style=\"background:#dfe8e6;\">\r\n        <td style=\"padding:6px 8px; border:2px solid #ffffff; font-weight:700;\">11.5.3<\/td>\r\n        <td style=\"padding:6px 8px; border:2px solid #ffffff; font-weight:700; text-align:left;\">\u0627\u0644\u0628\u0648\u062a\u0627\u0633\u064a\u0648\u0645<\/td>\r\n        <td style=\"padding:6px 8px; border:2px solid #ffffff; font-weight:700; text-align:left;\">\u0643\u0631\u0628\u0648\u0646\u0627\u062a \u0627\u0644\u0628\u0648\u062a\u0627\u0633\u064a\u0648\u0645<\/td>\r\n        <td style=\"padding:6px 8px; border:2px solid #ffffff; font-weight:700;\">20.000<\/td>\r\n        <td style=\"padding:6px 8px; border:2px solid #ffffff;\">\u0645\u0644\u063a\u0645\/\u0643\u063a\u0645<\/td>\r\n      <\/tr>\r\n\r\n      <tr style=\"background:#dfe8e6;\">\r\n        <td style=\"padding:6px 8px; border:2px solid #ffffff; font-weight:700;\">11.4.2<\/td>\r\n        <td style=\"padding:6px 8px; border:2px solid #ffffff; font-weight:700; text-align:left;\">\u0627\u0644\u0635\u0648\u062f\u064a\u0648\u0645<\/td>\r\n        <td style=\"padding:6px 8px; border:2px solid #ffffff; font-weight:700; text-align:left;\">\u0628\u064a\u0643\u0631\u0628\u0648\u0646\u0627\u062a \u0627\u0644\u0635\u0648\u062f\u064a\u0648\u0645<\/td>\r\n        <td style=\"padding:6px 8px; border:2px solid #ffffff; font-weight:700;\">30.000<\/td>\r\n        <td style=\"padding:6px 8px; border:2px solid #ffffff;\">\u0645\u0644\u063a\u0645\/\u0643\u063a\u0645<\/td>\r\n      <\/tr>\r\n\r\n      <tr style=\"background:#dfe8e6;\">\r\n        <td style=\"padding:6px 8px; border:2px solid #ffffff; font-weight:700;\">11.3.3<\/td>\r\n        <td style=\"padding:6px 8px; border:2px solid #ffffff; font-weight:700; text-align:left;\">\u0627\u0644\u0641\u0648\u0633\u0641\u0648\u0631<\/td>\r\n        <td style=\"padding:6px 8px; border:2px solid #ffffff; font-weight:700; text-align:left;\">\u0641\u0648\u0633\u0641\u0627\u062a \u0623\u062d\u0627\u062f\u064a \u0627\u0644\u0643\u0627\u0644\u0633\u064a\u0648\u0645<\/td>\r\n        <td style=\"padding:6px 8px; border:2px solid #ffffff; font-weight:700;\">3.000<\/td>\r\n        <td style=\"padding:6px 8px; border:2px solid #ffffff;\">\u0645\u0644\u063a\u0645\/\u0643\u063a\u0645<\/td>\r\n      <\/tr>\r\n\r\n      <tr>\r\n        <td colspan=\"5\" style=\"background:#78cfc0; color:#000; font-weight:700; text-align:left; padding:6px 12px; border:2px solid #ffffff; font-size:18px;\">\r\n          \u0627\u0644\u0646\u0627\u0642\u0644\r\n        <\/td>\r\n      <\/tr>\r\n\r\n      <tr style=\"background:#ffffff;\">\r\n        <td style=\"padding:6px 8px; border:2px solid #ffffff;\"><\/td>\r\n        <td style=\"padding:6px 8px; border:2px solid #ffffff; font-weight:700; text-align:left;\">\u0633\u0643\u0631<\/td>\r\n        <td style=\"padding:6px 8px; border:2px solid #ffffff; font-weight:700; text-align:left;\">\u0633\u0643\u0631 \u0627\u0644\u0628\u0646\u062c\u0631 \u0627\u0644\u0628\u0648\u062f\u0631\u0629<\/td>\r\n        <td style=\"padding:6px 8px; border:2px solid #ffffff; font-weight:700;\">qsp<\/td>\r\n        <td style=\"padding:6px 8px; border:2px solid #ffffff;\"><\/td>\r\n      <\/tr>\r\n    <\/tbody>\r\n  <\/table>\r\n<\/div>\t\t\t\t<\/div>\n\t\t\t\t<\/div>\n\t\t\t\t\t<\/div>\n\t\t\t\t<\/div>\n\t\t\t\t<\/div>","protected":false},"excerpt":{"rendered":"<p>Minbeelove Mineral Ekin Premiks \u00dcR\u00dcN KODU: EP002 KULLANIM AMACI:*Bal ar\u0131lar\u0131nda mineral takviyesini sa\u011flar.*Ar\u0131lar daha sa\u011fl\u0131kl\u0131 ve daha g\u00fc\u00e7l\u00fc olur.*Yavru say\u0131s\u0131nda art\u0131\u015f sa\u011flar.*Ar\u0131lar\u0131n pis sulara gitme e\u011filimlerini azalt\u0131r.*Ar\u0131lar\u0131n ba\u011f\u0131rsaklar\u0131n\u0131 temizler ve rahatlat\u0131r.(\u00d6zellikle k\u0131\u015f sonras\u0131 bak\u0131mda \u0131l\u0131k \u015ferbetle verildi\u011finde \u00e7ok etkilidir.)*Ar\u0131 kay\u0131plar\u0131n\u0131n azalmas\u0131nda etkilidir.KULLANIM \u015eEKL\u0130:1kg ar\u0131 kekine veya 1litre \u015furuba 2gr (1\u00e7ay ka\u015f\u0131\u011f\u0131)PREM\u0130KS ilave edilir. [50kg \u015fekere<\/p>\n<a class=\"read-more\" href=\"https:\/\/www.ekinpremiks.com.tr\/ar\/minbeelove\/\">\u0627\u0642\u0631\u0623 \u0627\u0644\u0645\u0632\u064a\u062f<\/a>","protected":false},"author":1,"featured_media":0,"parent":0,"menu_order":0,"comment_status":"closed","ping_status":"closed","template":"elementor_header_footer","meta":{"footnotes":""},"class_list":["post-1116","page","type-page","status-publish","hentry"],"_links":{"self":[{"href":"https:\/\/www.ekinpremiks.com.tr\/ar\/wp-json\/wp\/v2\/pages\/1116","targetHints":{"allow":["GET"]}}],"collection":[{"href":"https:\/\/www.ekinpremiks.com.tr\/ar\/wp-json\/wp\/v2\/pages"}],"about":[{"href":"https:\/\/www.ekinpremiks.com.tr\/ar\/wp-json\/wp\/v2\/types\/page"}],"author":[{"embeddable":true,"href":"https:\/\/www.ekinpremiks.com.tr\/ar\/wp-json\/wp\/v2\/users\/1"}],"replies":[{"embeddable":true,"href":"https:\/\/www.ekinpremiks.com.tr\/ar\/wp-json\/wp\/v2\/comments?post=1116"}],"version-history":[{"count":7,"href":"https:\/\/www.ekinpremiks.com.tr\/ar\/wp-json\/wp\/v2\/pages\/1116\/revisions"}],"predecessor-version":[{"id":1165,"href":"https:\/\/www.ekinpremiks.com.tr\/ar\/wp-json\/wp\/v2\/pages\/1116\/revisions\/1165"}],"wp:attachment":[{"href":"https:\/\/www.ekinpremiks.com.tr\/ar\/wp-json\/wp\/v2\/media?parent=1116"}],"curies":[{"name":"wp","href":"https:\/\/api.w.org\/{rel}","templated":true}]}}