 {"id":1122,"date":"2026-03-22T23:18:31","date_gmt":"2026-03-22T23:18:31","guid":{"rendered":"http:\/\/www.ekinpremiks.com.tr\/?page_id=1122"},"modified":"2026-03-23T00:57:13","modified_gmt":"2026-03-23T00:57:13","slug":"noselove","status":"publish","type":"page","link":"https:\/\/www.ekinpremiks.com.tr\/ar\/noselove\/","title":{"rendered":"\u0646\u0648\u0632\u0644\u0648\u0641"},"content":{"rendered":"<div data-elementor-type=\"wp-page\" data-elementor-id=\"1122\" class=\"elementor elementor-1122\">\n\t\t\t\t<div class=\"elementor-element elementor-element-16732cc e-flex e-con-boxed e-con e-parent\" data-id=\"16732cc\" data-element_type=\"container\" data-e-type=\"container\" data-settings=\"{&quot;background_background&quot;:&quot;classic&quot;}\">\n\t\t\t\t\t<div class=\"e-con-inner\">\n\t\t\t\t<div class=\"elementor-element elementor-element-2f3cdd1 elementor-widget elementor-widget-heading\" data-id=\"2f3cdd1\" data-element_type=\"widget\" data-e-type=\"widget\" data-widget_type=\"heading.default\">\n\t\t\t\t<div class=\"elementor-widget-container\">\n\t\t\t\t\t<h2 class=\"elementor-heading-title elementor-size-default\">\u0646\u0648\u0632\u0644\u0648\u0641<\/h2>\t\t\t\t<\/div>\n\t\t\t\t<\/div>\n\t\t\t\t<div class=\"elementor-element elementor-element-e94f0da elementor-widget elementor-widget-heading\" data-id=\"e94f0da\" data-element_type=\"widget\" data-e-type=\"widget\" data-widget_type=\"heading.default\">\n\t\t\t\t<div class=\"elementor-widget-container\">\n\t\t\t\t\t<h2 class=\"elementor-heading-title elementor-size-default\">\u0625\u064a\u0643\u064a\u0646 \u0628\u0631\u064a\u0645\u0643\u0633<\/h2>\t\t\t\t<\/div>\n\t\t\t\t<\/div>\n\t\t\t\t\t<\/div>\n\t\t\t\t<\/div>\n\t\t<div class=\"elementor-element elementor-element-6553ad5 e-flex e-con-boxed e-con e-parent\" data-id=\"6553ad5\" data-element_type=\"container\" data-e-type=\"container\">\n\t\t\t\t\t<div class=\"e-con-inner\">\n\t\t\t\t<div class=\"elementor-element elementor-element-849e37b elementor-widget elementor-widget-spacer\" data-id=\"849e37b\" data-element_type=\"widget\" data-e-type=\"widget\" data-widget_type=\"spacer.default\">\n\t\t\t\t<div class=\"elementor-widget-container\">\n\t\t\t\t\t\t\t<div class=\"elementor-spacer\">\n\t\t\t<div class=\"elementor-spacer-inner\"><\/div>\n\t\t<\/div>\n\t\t\t\t\t\t<\/div>\n\t\t\t\t<\/div>\n\t\t\t\t\t<\/div>\n\t\t\t\t<\/div>\n\t\t<div class=\"elementor-element elementor-element-831eaf7 e-flex e-con-boxed e-con e-parent\" data-id=\"831eaf7\" data-element_type=\"container\" data-e-type=\"container\">\n\t\t\t\t\t<div class=\"e-con-inner\">\n\t\t<div class=\"elementor-element elementor-element-00c75e6 e-con-full e-flex e-con e-child\" data-id=\"00c75e6\" data-element_type=\"container\" data-e-type=\"container\">\n\t\t\t\t<div class=\"elementor-element elementor-element-a4e057b elementor-widget elementor-widget-image\" data-id=\"a4e057b\" data-element_type=\"widget\" data-e-type=\"widget\" data-widget_type=\"image.default\">\n\t\t\t\t<div class=\"elementor-widget-container\">\n\t\t\t\t\t\t\t\t\t\t\t\t\t\t\t<img fetchpriority=\"high\" decoding=\"async\" width=\"640\" height=\"640\" src=\"https:\/\/www.ekinpremiks.com.tr\/wp-content\/uploads\/2026\/03\/bu_urunun_bana_202603230347-1-1024x1024.png\" class=\"attachment-large size-large wp-image-1186\" alt=\"\" srcset=\"https:\/\/www.ekinpremiks.com.tr\/wp-content\/uploads\/2026\/03\/bu_urunun_bana_202603230347-1-1024x1024.png 1024w, https:\/\/www.ekinpremiks.com.tr\/wp-content\/uploads\/2026\/03\/bu_urunun_bana_202603230347-1-300x300.png 300w, https:\/\/www.ekinpremiks.com.tr\/wp-content\/uploads\/2026\/03\/bu_urunun_bana_202603230347-1-150x150.png 150w, https:\/\/www.ekinpremiks.com.tr\/wp-content\/uploads\/2026\/03\/bu_urunun_bana_202603230347-1-768x768.png 768w, https:\/\/www.ekinpremiks.com.tr\/wp-content\/uploads\/2026\/03\/bu_urunun_bana_202603230347-1-1536x1536.png 1536w, https:\/\/www.ekinpremiks.com.tr\/wp-content\/uploads\/2026\/03\/bu_urunun_bana_202603230347-1.png 2048w\" sizes=\"(max-width: 640px) 100vw, 640px\" \/>\t\t\t\t\t\t\t\t\t\t\t\t\t\t\t<\/div>\n\t\t\t\t<\/div>\n\t\t\t\t<div class=\"elementor-element elementor-element-1094371 elementor-hidden-desktop elementor-widget elementor-widget-spacer\" data-id=\"1094371\" data-element_type=\"widget\" data-e-type=\"widget\" data-widget_type=\"spacer.default\">\n\t\t\t\t<div class=\"elementor-widget-container\">\n\t\t\t\t\t\t\t<div class=\"elementor-spacer\">\n\t\t\t<div class=\"elementor-spacer-inner\"><\/div>\n\t\t<\/div>\n\t\t\t\t\t\t<\/div>\n\t\t\t\t<\/div>\n\t\t\t\t<\/div>\n\t\t<div class=\"elementor-element elementor-element-7bfcc62 e-con-full e-flex e-con e-child\" data-id=\"7bfcc62\" data-element_type=\"container\" data-e-type=\"container\">\n\t\t\t\t<div class=\"elementor-element elementor-element-0f9a4cc elementor-widget elementor-widget-text-editor\" data-id=\"0f9a4cc\" data-element_type=\"widget\" data-e-type=\"widget\" data-widget_type=\"text-editor.default\">\n\t\t\t\t<div class=\"elementor-widget-container\">\n\t\t\t\t\t\t\t\t\t<p data-start=\"73\" data-end=\"93\"><strong data-start=\"73\" data-end=\"93\">\u0631\u0645\u0632 \u0627\u0644\u0645\u0646\u062a\u062c: EP003<\/strong><\/p><p data-start=\"95\" data-end=\"544\"><strong data-start=\"95\" data-end=\"114\">\u0627\u0644\u063a\u0631\u0636 \u0645\u0646 \u0627\u0644\u0627\u0633\u062a\u062e\u062f\u0627\u0645:<\/strong><br data-start=\"114\" data-end=\"117\" \/><em data-start=\"117\" data-end=\"184\">\u0647\u0630\u0627 \u0645\u0632\u064a\u062c \u0639\u0637\u0631\u064a \u0645\u0633\u0628\u0642 \u0627\u0644\u062a\u062d\u0636\u064a\u0631 \u064a\u062f\u0639\u0645 \u0627\u0644\u062c\u0647\u0627\u0632 \u0627\u0644\u062a\u0646\u0641\u0633\u064a \u0644\u0646\u062d\u0644 \u0627\u0644\u0639\u0633\u0644.<\/em><br data-start=\"184\" data-end=\"187\" \/><em data-start=\"187\" data-end=\"247\">\u064a\u0633\u0627\u0639\u062f \u0639\u0644\u0649 \u062a\u0647\u062f\u0626\u0629 \u0627\u0644\u062c\u0647\u0627\u0632 \u0627\u0644\u062a\u0646\u0641\u0633\u064a \u0627\u0644\u0639\u0644\u0648\u064a \u0644\u0644\u0646\u062d\u0644.<\/em><br data-start=\"247\" data-end=\"250\" \/><em data-start=\"250\" data-end=\"322\">\u0641\u0647\u0648 \u064a\u0642\u0648\u064a \u062c\u0647\u0627\u0632 \u0627\u0644\u0645\u0646\u0627\u0639\u0629\u060c \u0645\u0645\u0627 \u064a\u0632\u064a\u062f \u0645\u0646 \u0645\u0642\u0627\u0648\u0645\u0629 \u0627\u0644\u062c\u0633\u0645 \u0644\u0644\u0623\u0645\u0631\u0627\u0636.<\/em><br data-start=\"322\" data-end=\"325\" \/><em data-start=\"325\" data-end=\"370\">\u064a\u0633\u0627\u0639\u062f \u0630\u0644\u0643 \u0639\u0644\u0649 \u062a\u0642\u0644\u064a\u0644 \u0627\u0644\u062a\u0648\u062a\u0631 \u062f\u0627\u062e\u0644 \u0627\u0644\u0645\u0633\u062a\u0639\u0645\u0631\u0629.<\/em><br data-start=\"370\" data-end=\"373\" \/><em data-start=\"373\" data-end=\"428\">\u0641\u0647\u0648 \u064a\u062f\u0639\u0645 \u0627\u0644\u0646\u0645\u0648 \u0627\u0644\u0623\u0643\u062b\u0631 \u0646\u0634\u0627\u0637\u0627\u064b \u0648\u0635\u062d\u0629 \u0644\u0644\u0646\u062d\u0644.<\/em><br data-start=\"428\" data-end=\"431\" \/><em data-start=\"431\" data-end=\"497\">\u064a\u0633\u0627\u0639\u062f \u0630\u0644\u0643 \u0641\u064a \u0627\u0644\u062d\u0641\u0627\u0638 \u0639\u0644\u0649 \u0635\u062d\u0629 \u0627\u0644\u0645\u0633\u062a\u0639\u0645\u0631\u0629 \u062e\u0644\u0627\u0644 \u0627\u0644\u062a\u063a\u064a\u0631\u0627\u062a \u0627\u0644\u0645\u0648\u0633\u0645\u064a\u0629.<\/em><br data-start=\"497\" data-end=\"500\" \/><em data-start=\"500\" data-end=\"544\">\u0648\u0647\u0648 \u0641\u0639\u0627\u0644 \u0641\u064a \u0627\u0644\u062d\u062f \u0645\u0646 \u062e\u0633\u0627\u0626\u0631 \u0627\u0644\u0646\u062d\u0644.<\/em><\/p><hr data-start=\"546\" data-end=\"549\" \/><p data-start=\"551\" data-end=\"690\"><strong data-start=\"551\" data-end=\"570\">\u0627\u0644\u0627\u0633\u062a\u062e\u062f\u0627\u0645:<\/strong><br data-start=\"570\" data-end=\"573\" \/>\u064a\u062a\u0645 \u062a\u0637\u0628\u064a\u0642\u0647 \u0639\u0646 \u0637\u0631\u064a\u0642 \u0631\u0634 2 \u0645\u0644 \u0644\u0643\u0644 \u0625\u0637\u0627\u0631 \u0628\u064a\u0646 \u0627\u0644\u0625\u0637\u0627\u0631\u0627\u062a\u060c \u0645\u0639 \u0627\u0644\u062a\u0623\u0643\u062f \u0645\u0646 \u0645\u0644\u0627\u0645\u0633\u062a\u0647 \u0644\u0644\u0646\u062d\u0644.<\/p><p data-start=\"692\" data-end=\"775\">\u062a\u0643\u0641\u064a \u0632\u062c\u0627\u062c\u0629 \u0633\u0639\u0629 250 \u0645\u0644 \u0644\u062d\u0648\u0627\u0644\u064a 125 \u0625\u0637\u0627\u0631\u064b\u0627\u060c \u0648\u062a\u0643\u0641\u064a \u0632\u062c\u0627\u062c\u0629 \u0633\u0639\u0629 1 \u0644\u062a\u0631 \u0644\u062d\u0648\u0627\u0644\u064a 500 \u0625\u0637\u0627\u0631.<\/p><p data-start=\"777\" data-end=\"842\">\u064a\u0648\u0635\u0649 \u0628\u062a\u0637\u0628\u064a\u0642 \u0627\u0644\u0639\u0644\u0627\u062c 3 \u0645\u0631\u0627\u062a \u0625\u062c\u0645\u0627\u0644\u0627\u064b\u060c \u0645\u0639 \u0641\u062a\u0631\u0627\u062a \u0641\u0627\u0635\u0644\u0629 \u062a\u062a\u0631\u0627\u0648\u062d \u0628\u064a\u0646 5 \u06487 \u0623\u064a\u0627\u0645 \u0628\u064a\u0646 \u0643\u0644 \u062a\u0637\u0628\u064a\u0642.<\/p><p data-start=\"844\" data-end=\"905\">\u064a\u0646\u0628\u063a\u064a \u0625\u062c\u0631\u0627\u0621 \u0627\u0644\u0639\u0645\u0644\u064a\u0629 \u0641\u064a \u0641\u062a\u0631\u0629 \u0645\u0627 \u0628\u0639\u062f \u0627\u0644\u0638\u0647\u0631 \u0623\u0648 \u0627\u0644\u0645\u0633\u0627\u0621.<\/p><p data-start=\"907\" data-end=\"996\">\u062a\u064f\u0633\u062a\u062e\u062f\u0645 \u0627\u0644\u0632\u062c\u0627\u062c\u0629 \u0633\u0639\u0629 250 \u0645\u0644 \u0643\u0623\u062f\u0627\u0629 \u0644\u0644\u062a\u0637\u0628\u064a\u0642\u060c \u0648\u062a\u064f\u0633\u062a\u062e\u062f\u0645 \u0627\u0644\u0632\u062c\u0627\u062c\u0629 \u0633\u0639\u0629 1 \u0644\u062a\u0631 \u0643\u062e\u0632\u0627\u0646 \u0627\u062d\u062a\u064a\u0627\u0637\u064a.<\/p><hr data-start=\"998\" data-end=\"1001\" \/><p data-start=\"1003\" data-end=\"1081\"><strong data-start=\"1003\" data-end=\"1026\">\u0634\u0631\u0648\u0637 \u0627\u0644\u062a\u062e\u0632\u064a\u0646:<\/strong><br data-start=\"1026\" data-end=\"1029\" \/>\u064a\u064f\u062d\u0641\u0638 \u0641\u064a \u0645\u0643\u0627\u0646 \u0628\u0627\u0631\u062f \u0648\u062c\u0627\u0641 \u0648\u0645\u0638\u0644\u0645.<\/p><hr data-start=\"1083\" data-end=\"1086\" \/><p data-start=\"1088\" data-end=\"1360\"><strong data-start=\"1088\" data-end=\"1116\">\u0645\u0639\u0644\u0648\u0645\u0627\u062a \u0633\u0644\u0627\u0645\u0629 \u0627\u0644\u0645\u0646\u062a\u062c:<\/strong><br data-start=\"1116\" data-end=\"1119\" \/>\u0644\u0627 \u062a\u0648\u062c\u062f \u0622\u062b\u0627\u0631 \u062c\u0627\u0646\u0628\u064a\u0629 \u0645\u0639\u0631\u0648\u0641\u0629 \u0639\u0644\u0649 \u0627\u0644\u0646\u062d\u0644.<br data-start=\"1161\" data-end=\"1164\" \/>\u0627\u0628\u062a\u0639\u062f \u0639\u0646 \u0627\u0644\u0645\u0628\u064a\u062f\u0627\u062a \u0627\u0644\u062d\u0634\u0631\u064a\u0629.<br data-start=\"1206\" data-end=\"1209\" \/>\u0627\u0633\u062a\u062e\u062f\u0645 \u0627\u0644\u0639\u0628\u0648\u0627\u062a \u0627\u0644\u0645\u0641\u062a\u0648\u062d\u0629 \u062e\u0644\u0627\u0644 \u0641\u062a\u0631\u0629 \u0642\u0635\u064a\u0631\u0629.<br data-start=\"1252\" data-end=\"1255\" \/>\u0644\u0627 \u064a\u064f\u0646\u0635\u062d \u0628\u0627\u0633\u062a\u062e\u062f\u0627\u0645\u0647 \u0639\u0644\u0649 \u0623\u0646\u0648\u0627\u0639 \u0623\u062e\u0631\u0649 \u063a\u064a\u0631 \u0627\u0644\u0623\u0646\u0648\u0627\u0639 \u0627\u0644\u0645\u0633\u062a\u0647\u062f\u0641\u0629.<br data-start=\"1304\" data-end=\"1307\" \/>\u0644\u0627 \u062a\u0636\u064a\u0641\u0647 \u0625\u0644\u0649 \u0627\u0644\u0634\u0631\u0627\u0628 \u0627\u0644\u0645\u063a\u0644\u064a.<br data-start=\"1332\" data-end=\"1335\" \/>\u0644\u0627 \u064a\u062a\u0631\u0643 \u0623\u064a \u0628\u0642\u0627\u064a\u0627 \u0641\u064a \u0627\u0644\u0639\u0633\u0644.<\/p><hr data-start=\"1362\" data-end=\"1365\" \/><p data-start=\"1367\" data-end=\"1479\"><strong data-start=\"1367\" data-end=\"1391\">\u0646\u0645\u0648\u0630\u062c \u0627\u0644\u0639\u0631\u0636 \u0627\u0644\u062a\u062c\u0627\u0631\u064a:<\/strong><br data-start=\"1391\" data-end=\"1394\" \/>\u0632\u062c\u0627\u062c\u0627\u062a \u0633\u0639\u0629 250 \u0645\u0644\u060c 40 \u0632\u062c\u0627\u062c\u0629 \u0641\u064a \u0643\u0644 \u0635\u0646\u062f\u0648\u0642\u061b<br data-start=\"1429\" data-end=\"1432\" \/>\u062a\u0623\u062a\u064a \u0641\u064a \u0632\u062c\u0627\u062c\u0627\u062a \u0633\u0639\u0629 \u0644\u062a\u0631 \u0648\u0627\u062d\u062f\u060c \u0645\u0639 12 \u0632\u062c\u0627\u062c\u0629 \u0641\u064a \u0643\u0644 \u0635\u0646\u062f\u0648\u0642.<\/p>\t\t\t\t\t\t\t\t<\/div>\n\t\t\t\t<\/div>\n\t\t\t\t<div class=\"elementor-element elementor-element-ef27574 elementor-widget elementor-widget-spacer\" data-id=\"ef27574\" data-element_type=\"widget\" data-e-type=\"widget\" data-widget_type=\"spacer.default\">\n\t\t\t\t<div class=\"elementor-widget-container\">\n\t\t\t\t\t\t\t<div class=\"elementor-spacer\">\n\t\t\t<div class=\"elementor-spacer-inner\"><\/div>\n\t\t<\/div>\n\t\t\t\t\t\t<\/div>\n\t\t\t\t<\/div>\n\t\t\t\t<\/div>\n\t\t\t\t\t<\/div>\n\t\t\t\t<\/div>\n\t\t<div class=\"elementor-element elementor-element-b29d1b6 e-flex e-con-boxed e-con e-parent\" data-id=\"b29d1b6\" data-element_type=\"container\" data-e-type=\"container\">\n\t\t\t\t\t<div class=\"e-con-inner\">\n\t\t\t\t<div class=\"elementor-element elementor-element-41d6e65 elementor-widget elementor-widget-html\" data-id=\"41d6e65\" data-element_type=\"widget\" data-e-type=\"widget\" data-widget_type=\"html.default\">\n\t\t\t\t<div class=\"elementor-widget-container\">\n\t\t\t\t\t<div style=\"max-width:920px; margin:20px auto; font-family:Arial, Helvetica, sans-serif; border-radius:20px; overflow:hidden; border:1px solid #cfdcc6;\">\r\n  <table style=\"width:100%; border-collapse:collapse; text-align:center; font-size:15px; line-height:1.15; background:#dfead5;\">\r\n    <thead>\r\n      <tr>\r\n        <th rowspan=\"2\" style=\"background:#75a83b; color:#000; padding:10px 8px; border:4px solid #ffffff; width:18%;\">\r\n          \u0648\u0635\u0641\u064a<br>\u0634\u0641\u0631\u0629\r\n        <\/th>\r\n        <th colspan=\"2\" style=\"background:#75a83b; color:#000; padding:10px 8px; border:4px solid #ffffff;\">\r\n          <strong>\u0645\u0643\u0648\u0646\u0627\u062a<\/strong>\r\n        <\/th>\r\n        <th colspan=\"2\" style=\"background:#75a83b; color:#000; padding:10px 8px; border:4px solid #ffffff; width:26%;\">\r\n          \u0644\u0643\u0644 1000 \u0645\u0644\r\n        <\/th>\r\n      <\/tr>\r\n      <tr>\r\n        <th style=\"background:#75a83b; color:#000; padding:8px; border:4px solid #ffffff; width:24%;\">\r\n          \u0627\u0644\u0645\u0627\u062f\u0629 \u0627\u0644\u0641\u0639\u0627\u0644\u0629\r\n        <\/th>\r\n        <th style=\"background:#75a83b; color:#000; padding:8px; border:4px solid #ffffff; width:34%;\">\r\n          \u0627\u0633\u0645 \u0627\u0644\u0645\u0643\u0645\u0644 \u0627\u0644\u063a\u0630\u0627\u0626\u064a\r\n        <\/th>\r\n        <th style=\"background:#75a83b; color:#000; padding:8px; border:4px solid #ffffff; width:14%;\">\r\n          \u0627\u0644\u062c\u0631\u0639\u0629\r\n        <\/th>\r\n        <th style=\"background:#75a83b; color:#000; padding:8px; border:4px solid #ffffff; width:10%;\">\r\n          \u0648\u062d\u062f\u0629\r\n        <\/th>\r\n      <\/tr>\r\n    <\/thead>\r\n\r\n    <tbody>\r\n      <tr>\r\n        <td colspan=\"5\" style=\"background:#c7d9bc; color:#000; font-weight:700; text-align:left; padding:6px 12px; border:4px solid #ffffff; font-size:18px;\">\r\n          \u0627\u0644\u0645\u0648\u0627\u062f \u0627\u0644\u062d\u0627\u0641\u0638\u0629\r\n        <\/td>\r\n      <\/tr>\r\n\r\n      <tr style=\"background:#dfead5;\">\r\n        <td style=\"padding:6px 8px; border:4px solid #ffffff; font-weight:700; text-align:left;\">E330<\/td>\r\n        <td style=\"padding:6px 8px; border:4px solid #ffffff; font-weight:700; text-align:left;\">\u062d\u0627\u0645\u0636 \u0627\u0644\u0633\u062a\u0631\u064a\u0643<\/td>\r\n        <td style=\"padding:6px 8px; border:4px solid #ffffff; font-weight:700; text-align:left;\">\u062d\u0627\u0645\u0636 \u0627\u0644\u0633\u062a\u0631\u064a\u0643<\/td>\r\n        <td style=\"padding:6px 8px; border:4px solid #ffffff; font-weight:700;\">50.000<\/td>\r\n        <td style=\"padding:6px 8px; border:4px solid #ffffff;\">\u0645\u0644\u063a\u0645\/\u0644\u062a\u0631<\/td>\r\n      <\/tr>\r\n\r\n      <tr>\r\n        <td colspan=\"5\" style=\"background:#c7d9bc; color:#000; font-weight:700; text-align:left; padding:6px 12px; border:4px solid #ffffff; font-size:18px;\">\r\n          \u0627\u0644\u0645\u0631\u0643\u0628\u0627\u062a \u0627\u0644\u0639\u0637\u0631\u064a\u0629\r\n        <\/td>\r\n      <\/tr>\r\n\r\n      <tr style=\"background:#dfead5;\">\r\n        <td style=\"padding:6px 8px; border:4px solid #ffffff;\"><\/td>\r\n        <td style=\"padding:6px 8px; border:4px solid #ffffff; font-weight:700; text-align:left;\">\u0645\u0632\u064a\u062c \u0639\u0637\u0631\u064a*<\/td>\r\n        <td style=\"padding:6px 8px; border:4px solid #ffffff; font-weight:700; text-align:left;\">\u0645\u0633\u062a\u062e\u0644\u0635\u0627\u062a \u0639\u0637\u0631\u064a\u0629*<\/td>\r\n        <td style=\"padding:6px 8px; border:4px solid #ffffff; font-weight:700;\">10.000<\/td>\r\n        <td style=\"padding:6px 8px; border:4px solid #ffffff;\">\u0645\u0644\u063a\u0645\/\u0644\u062a\u0631<\/td>\r\n      <\/tr>\r\n\r\n      <tr>\r\n        <td colspan=\"5\" style=\"background:#c7d9bc; color:#000; font-weight:700; text-align:left; padding:6px 12px; border:4px solid #ffffff; font-size:18px;\">\r\n          \u0627\u0644\u0646\u0627\u0642\u0644\r\n        <\/td>\r\n      <\/tr>\r\n\r\n      <tr style=\"background:#dfead5;\">\r\n        <td style=\"padding:6px 8px; border:4px solid #ffffff;\"><\/td>\r\n        <td style=\"padding:6px 8px; border:4px solid #ffffff; font-weight:700; text-align:left;\">\u0623\u0643\u0633\u064a\u062f\u0627\u0646<\/td>\r\n        <td style=\"padding:6px 8px; border:4px solid #ffffff; font-weight:700; text-align:left;\">\u0623\u0643\u0633\u064a\u062f\u0627\u0646 \u0645\u0646\u0632\u0648\u0639 \u0627\u0644\u0645\u0639\u0627\u062f\u0646<\/td>\r\n        <td style=\"padding:6px 8px; border:4px solid #ffffff; font-weight:700;\">940.000<\/td>\r\n        <td style=\"padding:6px 8px; border:4px solid #ffffff;\">\u0645\u0644\u063a\u0645\/\u0644\u062a\u0631<\/td>\r\n      <\/tr>\r\n\r\n      <tr style=\"background:#c7d9bc;\">\r\n        <td colspan=\"5\" style=\"padding:12px 16px; border:4px solid #ffffff; font-weight:700; text-align:center; line-height:1.4; font-size:16px;\">\r\n          * \u0627\u0644\u063a\u062f\u0629 \u0627\u0644\u0635\u0639\u062a\u0631\u064a\u0629 \u0627\u0644\u0634\u0627\u0626\u0639\u060c \u0627\u0644\u0646\u0639\u0646\u0627\u0639 \u0628\u064a\u0628\u064a\u0631\u064a\u062a\u0627\u060c \u0627\u0644\u0623\u0648\u0643\u0627\u0644\u0628\u062a\u0648\u0633 \u062c\u0644\u0648\u0628\u0648\u0644\u0648\u0633\u060c \u0633\u0627\u0644\u0641\u064a\u0627 \u0631\u0648\u0632\u0645\u0627\u0631\u064a\u0646\u0648\u0633\u060c<br>\r\n          \u062c\u0648\u0646\u064a\u0628\u064a\u0631\u0648\u0633 \u0643\u0648\u0645\u0648\u0646\u064a\u0633\u060c \u0635\u0646\u0648\u0628\u0631 \u0628\u0631\u0648\u062a\u064a\u0627\u060c \u0644\u0627\u0641\u0627\u0646\u062f\u0648\u0644\u0627 \u0633\u062a\u0648\u064a\u0634\u0627\u0633\u060c \u0644\u0627\u0641\u0627\u0646\u062f\u0648\u0644\u0627 \u0623\u0646\u062c\u0648\u0633\u062a\u064a\u0641\u0648\u0644\u064a\u0627\u060c<br>\r\n          \u0627\u0644\u0622\u0633 \u0648\u0627\u0644\u063a\u0627\u0631 \u0627\u0644\u0646\u0628\u064a\u0644\r\n        <\/td>\r\n      <\/tr>\r\n    <\/tbody>\r\n  <\/table>\r\n<\/div>\t\t\t\t<\/div>\n\t\t\t\t<\/div>\n\t\t\t\t\t<\/div>\n\t\t\t\t<\/div>\n\t\t\t\t<\/div>","protected":false},"excerpt":{"rendered":"<p>Noselove Ekin Premiks \u00dcR\u00dcN KODU: EP003 KULLANIM AMACI:Bal ar\u0131lar\u0131nda solunum sistemini destekleyen aromatik premikstir.Ar\u0131lar\u0131n \u00fcst solunum yollar\u0131n\u0131 rahatlatmaya yard\u0131mc\u0131 olur.Ba\u011f\u0131\u015f\u0131kl\u0131k sistemini g\u00fc\u00e7lendirerek hastal\u0131klara kar\u015f\u0131 direnci art\u0131r\u0131r.Koloni i\u00e7i stresin azalmas\u0131na katk\u0131 sa\u011flar.Ar\u0131lar\u0131n daha aktif ve sa\u011fl\u0131kl\u0131 geli\u015fimini destekler.Mevsim ge\u00e7i\u015flerinde koloni sa\u011fl\u0131\u011f\u0131n\u0131n korunmas\u0131na yard\u0131mc\u0131 olur.Ar\u0131 kay\u0131plar\u0131n\u0131n azalt\u0131lmas\u0131nda etkilidir. KULLANIM \u015eEKL\u0130:Her \u00e7er\u00e7eveye 2 ml olacak \u015fekilde \u00e7er\u00e7eve aralar\u0131na,<\/p>\n<a class=\"read-more\" href=\"https:\/\/www.ekinpremiks.com.tr\/ar\/noselove\/\">\u0627\u0642\u0631\u0623 \u0627\u0644\u0645\u0632\u064a\u062f<\/a>","protected":false},"author":1,"featured_media":0,"parent":0,"menu_order":0,"comment_status":"closed","ping_status":"closed","template":"elementor_header_footer","meta":{"footnotes":""},"class_list":["post-1122","page","type-page","status-publish","hentry"],"_links":{"self":[{"href":"https:\/\/www.ekinpremiks.com.tr\/ar\/wp-json\/wp\/v2\/pages\/1122","targetHints":{"allow":["GET"]}}],"collection":[{"href":"https:\/\/www.ekinpremiks.com.tr\/ar\/wp-json\/wp\/v2\/pages"}],"about":[{"href":"https:\/\/www.ekinpremiks.com.tr\/ar\/wp-json\/wp\/v2\/types\/page"}],"author":[{"embeddable":true,"href":"https:\/\/www.ekinpremiks.com.tr\/ar\/wp-json\/wp\/v2\/users\/1"}],"replies":[{"embeddable":true,"href":"https:\/\/www.ekinpremiks.com.tr\/ar\/wp-json\/wp\/v2\/comments?post=1122"}],"version-history":[{"count":7,"href":"https:\/\/www.ekinpremiks.com.tr\/ar\/wp-json\/wp\/v2\/pages\/1122\/revisions"}],"predecessor-version":[{"id":1189,"href":"https:\/\/www.ekinpremiks.com.tr\/ar\/wp-json\/wp\/v2\/pages\/1122\/revisions\/1189"}],"wp:attachment":[{"href":"https:\/\/www.ekinpremiks.com.tr\/ar\/wp-json\/wp\/v2\/media?parent=1122"}],"curies":[{"name":"wp","href":"https:\/\/api.w.org\/{rel}","templated":true}]}}