 {"id":38,"date":"2025-09-18T13:31:05","date_gmt":"2025-09-18T13:31:05","guid":{"rendered":"https:\/\/webangon.com\/sites\/chupacabra\/logistic\/?page_id=38"},"modified":"2026-03-26T08:58:25","modified_gmt":"2026-03-26T08:58:25","slug":"iletisim","status":"publish","type":"page","link":"https:\/\/www.ekinpremiks.com.tr\/ar\/iletisim\/","title":{"rendered":"\u062a\u0648\u0627\u0635\u0644"},"content":{"rendered":"<div data-elementor-type=\"wp-page\" data-elementor-id=\"38\" class=\"elementor elementor-38\">\n\t\t\t\t<div class=\"elementor-element elementor-element-23904b0 e-flex e-con-boxed e-con e-parent\" data-id=\"23904b0\" data-element_type=\"container\" data-e-type=\"container\" data-settings=\"{&quot;background_background&quot;:&quot;classic&quot;}\">\n\t\t\t\t\t<div class=\"e-con-inner\">\n\t\t\t\t<div class=\"elementor-element elementor-element-db5bfe5 elementor-widget elementor-widget-heading\" data-id=\"db5bfe5\" data-element_type=\"widget\" data-e-type=\"widget\" data-widget_type=\"heading.default\">\n\t\t\t\t<div class=\"elementor-widget-container\">\n\t\t\t\t\t<h2 class=\"elementor-heading-title elementor-size-default\">\u0627\u0644\u062f\u0639\u0645 \u0648\u0627\u0644\u062a\u0648\u0627\u0635\u0644<\/h2>\t\t\t\t<\/div>\n\t\t\t\t<\/div>\n\t\t\t\t\t<\/div>\n\t\t\t\t<\/div>\n\t\t<div class=\"elementor-element elementor-element-4167b64 e-flex e-con-boxed e-con e-parent\" data-id=\"4167b64\" data-element_type=\"container\" data-e-type=\"container\" data-settings=\"{&quot;background_background&quot;:&quot;classic&quot;}\">\n\t\t\t\t\t<div class=\"e-con-inner\">\n\t\t<div class=\"elementor-element elementor-element-93541db e-con-full e-flex e-con e-child\" data-id=\"93541db\" data-element_type=\"container\" data-e-type=\"container\">\n\t\t\t\t<div class=\"elementor-element elementor-element-c30d07a elementor-widget elementor-widget-heading4\" data-id=\"c30d07a\" data-element_type=\"widget\" data-e-type=\"widget\" data-widget_type=\"heading4.default\">\n\t\t\t\t<div class=\"elementor-widget-container\">\n\t\t\t\t\t\n<div class=\"tbheading4 style-three\">\n    <div class=\"headwrp\">\n    \t\t<h3 class=\"main-head\">\u062a\u0648\u0627\u0635\u0644 \u0645\u0639 \u0625\u064a\u0643\u064a\u0646 \u0628\u0631\u064a\u0645\u0643\u0633<\/h3>    <\/div>\n<\/div>\t\t\t\t<\/div>\n\t\t\t\t<\/div>\n\t\t\t\t<div class=\"elementor-element elementor-element-d096cf6 elementor-widget elementor-widget-heading\" data-id=\"d096cf6\" data-element_type=\"widget\" data-e-type=\"widget\" data-widget_type=\"heading.default\">\n\t\t\t\t<div class=\"elementor-widget-container\">\n\t\t\t\t\t<p class=\"elementor-heading-title elementor-size-default\">\u0644\u0644\u062d\u0635\u0648\u0644 \u0639\u0644\u0649 \u0645\u0639\u0644\u0648\u0645\u0627\u062a \u0645\u0641\u0635\u0644\u0629 \u062d\u0648\u0644 \u0645\u0646\u062a\u062c\u0627\u062a\u0646\u0627 \u0645\u0646 \u0627\u0644\u062e\u0644\u0637\u0627\u062a \u0627\u0644\u062c\u0627\u0647\u0632\u0629 \u0648\u0627\u0644\u0645\u0643\u0645\u0644\u0627\u062a \u0627\u0644\u063a\u0630\u0627\u0626\u064a\u0629 \u0627\u0644\u0645\u062e\u0635\u0635\u0629 \u0644\u0635\u0646\u0627\u0639\u0629 \u062a\u0631\u0628\u064a\u0629 \u0627\u0644\u0646\u062d\u0644\u060c \u064a\u0631\u062c\u0649 \u0627\u0644\u062a\u0648\u0627\u0635\u0644 \u0645\u0639\u0646\u0627. \u0633\u064a\u0633\u0639\u062f \u0641\u0631\u064a\u0642\u0646\u0627 \u0628\u0645\u0633\u0627\u0639\u062f\u062a\u0643\u0645 \u0641\u064a \u0627\u0644\u0625\u062c\u0627\u0628\u0629 \u0639\u0644\u0649 \u062c\u0645\u064a\u0639 \u0627\u0633\u062a\u0641\u0633\u0627\u0631\u0627\u062a\u0643\u0645 \u0648\u0637\u0644\u0628\u0627\u062a\u0643\u0645.<\/p>\t\t\t\t<\/div>\n\t\t\t\t<\/div>\n\t\t\t\t<div class=\"elementor-element elementor-element-8162c54 elementor-widget elementor-widget-tp-contact\" data-id=\"8162c54\" data-element_type=\"widget\" data-e-type=\"widget\" data-widget_type=\"tp-contact.default\">\n\t\t\t\t<div class=\"elementor-widget-container\">\n\t\t\t\t\t\n<form class=\"tp-contact-wrap left-icon\" data-xld ='{\"email\":\"88.91.100.96.101.55.100.88.96.99.37.90.102.100.107\",\"success\":\"Thank you for contacting us, we will get back to you shortly.\",\"fail\":\"Something went wrong.Please try again\",\"error\":\"Please enter correct information.\",\"subject\":\"\\u0130leti\\u015fim Formu\"}' novalidate action=\"\">\n   <div data-xld ='{\"id\":\"319228c\",\"type\":\"text\",\"required\":\"yes\"}' class=\"item elementor-repeater-item-319228c\"><i class=\"tpbi bi-person\"><\/i><span class=\"tp-label\"><\/span><input class=\"tp-input\" name=\"\" type=\"text\"  placeholder=\"\u0627\u0633\u0645 *\" ><\/div>\n   <div data-xld ='{\"id\":\"fa70b50\",\"type\":\"email\",\"required\":\"yes\"}' class=\"item elementor-repeater-item-fa70b50\"><i class=\"tpbi bi-envelope-at\"><\/i><span class=\"tp-label\"><\/span><input class=\"tp-input\" name=\"\" type=\"email\"  placeholder=\"\u0628\u0631\u064a\u062f \u0625\u0644\u0643\u062a\u0631\u0648\u0646\u064a*\" ><\/div>\n   <div data-xld ='{\"id\":\"ccbeb61\",\"type\":\"text\",\"required\":\"yes\"}' class=\"item elementor-repeater-item-ccbeb61\"><i class=\"tpbi bi-telephone-outbound\"><\/i><span class=\"tp-label\"><\/span><input class=\"tp-input\" name=\"\" type=\"text\"  placeholder=\"\u0647\u0627\u062a\u0641 *\" ><\/div>\n   <div data-xld ='{\"id\":\"0289c74\",\"type\":\"text\",\"required\":\"yes\"}' class=\"item elementor-repeater-item-0289c74\"><i class=\"tpbi bi-briefcase\"><\/i><span class=\"tp-label\"><\/span><input class=\"tp-input\" name=\"\" type=\"text\"  placeholder=\"\u0634\u0631\u0643\u0629 *\" ><\/div><div data-xld ='{\"id\":\"cafdb0a\",\"type\":\"textarea\",\"required\":\"yes\"}' class=\"item elementor-repeater-item-cafdb0a\"><i class=\"tpbi bi-chat-square\"><\/i><span class=\"tp-label\"><\/span><textarea class=\"tp-input\" name=\"\" placeholder=\"\u0627\u0643\u062a\u0628 \u0631\u0633\u0627\u0644\u062a\u0643.\" ><\/textarea><\/div><div class='tp-form-btn'>\n        <button class=\"tbtr\" type=\"submit\"><span>\u0623\u0631\u0633\u0644 \u0627\u0644\u0622\u0646<i class=\"uic fi-rr-paper-plane\"><\/i><\/span>\n        <div class=\"loader\"><\/div>\n    <\/button>\n<\/div> \n<div class=\"response\"><\/div>\n<input type=\"hidden\" name=\"trp-form-language\" value=\"ar\"\/><\/form>\t\t\t\t<\/div>\n\t\t\t\t<\/div>\n\t\t\t\t<\/div>\n\t\t<div class=\"elementor-element elementor-element-505931c e-con-full e-flex e-con e-child\" data-id=\"505931c\" data-element_type=\"container\" data-e-type=\"container\">\n\t\t<div class=\"elementor-element elementor-element-bd324ef e-con-full e-flex e-con e-child\" data-id=\"bd324ef\" data-element_type=\"container\" data-e-type=\"container\" data-settings=\"{&quot;background_background&quot;:&quot;classic&quot;}\">\n\t\t\t\t<div class=\"elementor-element elementor-element-d7baa07 elementor-widget elementor-widget-image\" data-id=\"d7baa07\" data-element_type=\"widget\" data-e-type=\"widget\" data-widget_type=\"image.default\">\n\t\t\t\t<div class=\"elementor-widget-container\">\n\t\t\t\t\t\t\t\t\t\t\t\t\t\t\t<img fetchpriority=\"high\" decoding=\"async\" width=\"640\" height=\"358\" src=\"https:\/\/www.ekinpremiks.com.tr\/wp-content\/uploads\/2026\/03\/Bana_bir_tane_yatay_arclk_iftlii_olutur_verimli_gz_delpmaspu-1024x572.jpg\" class=\"attachment-large size-large wp-image-1034\" alt=\"\" srcset=\"https:\/\/www.ekinpremiks.com.tr\/wp-content\/uploads\/2026\/03\/Bana_bir_tane_yatay_arclk_iftlii_olutur_verimli_gz_delpmaspu-1024x572.jpg 1024w, https:\/\/www.ekinpremiks.com.tr\/wp-content\/uploads\/2026\/03\/Bana_bir_tane_yatay_arclk_iftlii_olutur_verimli_gz_delpmaspu-300x167.jpg 300w, https:\/\/www.ekinpremiks.com.tr\/wp-content\/uploads\/2026\/03\/Bana_bir_tane_yatay_arclk_iftlii_olutur_verimli_gz_delpmaspu-768x429.jpg 768w, https:\/\/www.ekinpremiks.com.tr\/wp-content\/uploads\/2026\/03\/Bana_bir_tane_yatay_arclk_iftlii_olutur_verimli_gz_delpmaspu-1536x857.jpg 1536w, https:\/\/www.ekinpremiks.com.tr\/wp-content\/uploads\/2026\/03\/Bana_bir_tane_yatay_arclk_iftlii_olutur_verimli_gz_delpmaspu-2048x1143.jpg 2048w\" sizes=\"(max-width: 640px) 100vw, 640px\" \/>\t\t\t\t\t\t\t\t\t\t\t\t\t\t\t<\/div>\n\t\t\t\t<\/div>\n\t\t\t\t<div class=\"elementor-element elementor-element-9421a9b elementor-widget elementor-widget-heading\" data-id=\"9421a9b\" data-element_type=\"widget\" data-e-type=\"widget\" data-widget_type=\"heading.default\">\n\t\t\t\t<div class=\"elementor-widget-container\">\n\t\t\t\t\t<h2 class=\"elementor-heading-title elementor-size-default\">\u0634\u0631\u0643\u0629 \u0625\u064a\u0643\u064a\u0646 \u0628\u0631\u064a\u0645\u0643\u0633 \u0644\u0644\u0635\u0646\u0627\u0639\u0627\u062a \u0627\u0644\u062f\u0648\u0627\u0626\u064a\u0629 \u0627\u0644\u0645\u062d\u062f\u0648\u062f\u0629<\/h2>\t\t\t\t<\/div>\n\t\t\t\t<\/div>\n\t\t\t\t<div class=\"elementor-element elementor-element-8ddb8af elementor-widget elementor-widget-heading\" data-id=\"8ddb8af\" data-element_type=\"widget\" data-e-type=\"widget\" data-widget_type=\"heading.default\">\n\t\t\t\t<div class=\"elementor-widget-container\">\n\t\t\t\t\t<p class=\"elementor-heading-title elementor-size-default\">\u062d\u064a \u062a\u0648\u0633\u0645\u0648\u0631\u0644\u0648\u060c \u0634\u0627\u0631\u0639 \u0643\u0648\u064a\u060c \u0631\u0642\u0645: 548\u060c \u0633\u064a\u0644\u064a\u0641\u0643\u064a\u060c 33940 \u0645\u0631\u0633\u064a\u0646\u060c \u062a\u0631\u0643\u064a\u0627<\/p>\t\t\t\t<\/div>\n\t\t\t\t<\/div>\n\t\t\t\t<div class=\"elementor-element elementor-element-881702c elementor-icon-list--layout-traditional elementor-list-item-link-full_width elementor-widget elementor-widget-icon-list\" data-id=\"881702c\" data-element_type=\"widget\" data-e-type=\"widget\" data-widget_type=\"icon-list.default\">\n\t\t\t\t<div class=\"elementor-widget-container\">\n\t\t\t\t\t\t\t<ul class=\"elementor-icon-list-items\">\n\t\t\t\t\t\t\t<li class=\"elementor-icon-list-item\">\n\t\t\t\t\t\t\t\t\t\t\t<span class=\"elementor-icon-list-icon\">\n\t\t\t\t\t\t\t<i aria-hidden=\"true\" class=\"tpbi bi-telephone-forward\"><\/i>\t\t\t\t\t\t<\/span>\n\t\t\t\t\t\t\t\t\t\t<span class=\"elementor-icon-list-text\">+90 324 714 36 66<\/span>\n\t\t\t\t\t\t\t\t\t<\/li>\n\t\t\t\t\t\t\t\t<li class=\"elementor-icon-list-item\">\n\t\t\t\t\t\t\t\t\t\t\t<span class=\"elementor-icon-list-icon\">\n\t\t\t\t\t\t\t<i aria-hidden=\"true\" class=\"tpbi bi-envelope-heart\"><\/i>\t\t\t\t\t\t<\/span>\n\t\t\t\t\t\t\t\t\t\t<span class=\"elementor-icon-list-text\">info@ekinpremiks.com.tr<\/span>\n\t\t\t\t\t\t\t\t\t<\/li>\n\t\t\t\t\t\t<\/ul>\n\t\t\t\t\t\t<\/div>\n\t\t\t\t<\/div>\n\t\t\t\t<\/div>\n\t\t\t\t<\/div>\n\t\t\t\t\t<\/div>\n\t\t\t\t<\/div>\n\t\t<div class=\"elementor-element elementor-element-936b91c e-con-full e-flex e-con e-parent\" data-id=\"936b91c\" data-element_type=\"container\" data-e-type=\"container\">\n\t\t\t\t<div class=\"elementor-element elementor-element-6a2b0c5 elementor-widget elementor-widget-google_maps\" data-id=\"6a2b0c5\" data-element_type=\"widget\" data-e-type=\"widget\" data-widget_type=\"google_maps.default\">\n\t\t\t\t<div class=\"elementor-widget-container\">\n\t\t\t\t\t\t\t<div class=\"elementor-custom-embed\">\n\t\t\t<iframe loading=\"lazy\"\n\t\t\t\t\tsrc=\"https:\/\/maps.google.com\/maps?q=Ekin%20Premiks%20%C4%B0la%C3%A7%20Sanayi%20Limited%20%C5%9Eirketi&#038;t=m&#038;z=16&#038;output=embed&#038;iwloc=near\"\n\t\t\t\t\ttitle=\"\u0634\u0631\u0643\u0629 \u0625\u064a\u0643\u064a\u0646 \u0628\u0631\u064a\u0645\u0643\u0633 \u0644\u0644\u0635\u0646\u0627\u0639\u0627\u062a \u0627\u0644\u062f\u0648\u0627\u0626\u064a\u0629 \u0627\u0644\u0645\u062d\u062f\u0648\u062f\u0629\"\n\t\t\t\t\taria-label=\"\u0634\u0631\u0643\u0629 \u0625\u064a\u0643\u064a\u0646 \u0628\u0631\u064a\u0645\u0643\u0633 \u0644\u0644\u0635\u0646\u0627\u0639\u0627\u062a \u0627\u0644\u062f\u0648\u0627\u0626\u064a\u0629 \u0627\u0644\u0645\u062d\u062f\u0648\u062f\u0629\"\n\t\t\t><\/iframe>\n\t\t<\/div>\n\t\t\t\t\t\t<\/div>\n\t\t\t\t<\/div>\n\t\t\t\t<\/div>\n\t\t\t\t<\/div>","protected":false},"excerpt":{"rendered":"<p>Destek ve \u0130leti\u015fim Ekin Premiks ile \u0130leti\u015fim Ge\u00e7in Ar\u0131c\u0131l\u0131k sekt\u00f6r\u00fcne y\u00f6nelik premiks ve besin destek \u00fcr\u00fcnlerimiz hakk\u0131nda detayl\u0131 bilgi almak i\u00e7in bizimle ileti\u015fime ge\u00e7ebilirsiniz. T\u00fcm sorular\u0131n\u0131z ve talepleriniz i\u00e7in ekibimiz sizlere destek sa\u011flamaktan memnuniyet duyar. \u015eimdi G\u00f6nder Ekin Premiks \u0130la\u00e7 Sanayi Limited \u015eirketi Tosmurlu Mah. K\u00f6y Sk. No:548 Silifke 33940 Mersin &#8211; T\u00fcrkiye +90 324<\/p>\n<a class=\"read-more\" href=\"https:\/\/www.ekinpremiks.com.tr\/ar\/iletisim\/\">\u0627\u0642\u0631\u0623 \u0627\u0644\u0645\u0632\u064a\u062f<\/a>","protected":false},"author":1,"featured_media":0,"parent":0,"menu_order":0,"comment_status":"closed","ping_status":"closed","template":"elementor_header_footer","meta":{"footnotes":""},"class_list":["post-38","page","type-page","status-publish","hentry"],"_links":{"self":[{"href":"https:\/\/www.ekinpremiks.com.tr\/ar\/wp-json\/wp\/v2\/pages\/38","targetHints":{"allow":["GET"]}}],"collection":[{"href":"https:\/\/www.ekinpremiks.com.tr\/ar\/wp-json\/wp\/v2\/pages"}],"about":[{"href":"https:\/\/www.ekinpremiks.com.tr\/ar\/wp-json\/wp\/v2\/types\/page"}],"author":[{"embeddable":true,"href":"https:\/\/www.ekinpremiks.com.tr\/ar\/wp-json\/wp\/v2\/users\/1"}],"replies":[{"embeddable":true,"href":"https:\/\/www.ekinpremiks.com.tr\/ar\/wp-json\/wp\/v2\/comments?post=38"}],"version-history":[{"count":13,"href":"https:\/\/www.ekinpremiks.com.tr\/ar\/wp-json\/wp\/v2\/pages\/38\/revisions"}],"predecessor-version":[{"id":1257,"href":"https:\/\/www.ekinpremiks.com.tr\/ar\/wp-json\/wp\/v2\/pages\/38\/revisions\/1257"}],"wp:attachment":[{"href":"https:\/\/www.ekinpremiks.com.tr\/ar\/wp-json\/wp\/v2\/media?parent=38"}],"curies":[{"name":"wp","href":"https:\/\/api.w.org\/{rel}","templated":true}]}}