 {"id":1112,"date":"2026-03-22T23:15:56","date_gmt":"2026-03-22T23:15:56","guid":{"rendered":"http:\/\/www.ekinpremiks.com.tr\/?page_id=1112"},"modified":"2026-03-23T07:53:35","modified_gmt":"2026-03-23T07:53:35","slug":"sik-sorulan-sorular","status":"publish","type":"page","link":"https:\/\/www.ekinpremiks.com.tr\/en\/sik-sorulan-sorular\/","title":{"rendered":"Frequently Asked Questions"},"content":{"rendered":"<div data-elementor-type=\"wp-page\" data-elementor-id=\"1112\" class=\"elementor elementor-1112\">\n\t\t\t\t<div class=\"elementor-element elementor-element-445a37f e-flex e-con-boxed e-con e-parent\" data-id=\"445a37f\" data-element_type=\"container\" data-e-type=\"container\" data-settings=\"{&quot;background_background&quot;:&quot;classic&quot;}\">\n\t\t\t\t\t<div class=\"e-con-inner\">\n\t\t\t\t<div class=\"elementor-element elementor-element-7d5f1f1 elementor-widget elementor-widget-heading\" data-id=\"7d5f1f1\" data-element_type=\"widget\" data-e-type=\"widget\" data-widget_type=\"heading.default\">\n\t\t\t\t<div class=\"elementor-widget-container\">\n\t\t\t\t\t<h2 class=\"elementor-heading-title elementor-size-default\">Frequently Asked Questions<\/h2>\t\t\t\t<\/div>\n\t\t\t\t<\/div>\n\t\t\t\t<div class=\"elementor-element elementor-element-9dbc313 elementor-widget elementor-widget-heading\" data-id=\"9dbc313\" data-element_type=\"widget\" data-e-type=\"widget\" data-widget_type=\"heading.default\">\n\t\t\t\t<div class=\"elementor-widget-container\">\n\t\t\t\t\t<h2 class=\"elementor-heading-title elementor-size-default\">Ekin Premix<\/h2>\t\t\t\t<\/div>\n\t\t\t\t<\/div>\n\t\t\t\t\t<\/div>\n\t\t\t\t<\/div>\n\t\t<div class=\"elementor-element elementor-element-d43264e e-flex e-con-boxed e-con e-parent\" data-id=\"d43264e\" data-element_type=\"container\" data-e-type=\"container\" data-settings=\"{&quot;background_background&quot;:&quot;classic&quot;}\">\n\t\t\t\t\t<div class=\"e-con-inner\">\n\t\t<div class=\"elementor-element elementor-element-894b9d3 e-con-full e-flex e-con e-child\" data-id=\"894b9d3\" data-element_type=\"container\" data-e-type=\"container\">\n\t\t\t\t<div class=\"elementor-element elementor-element-202bcee elementor-widget elementor-widget-heading\" data-id=\"202bcee\" data-element_type=\"widget\" data-e-type=\"widget\" data-widget_type=\"heading.default\">\n\t\t\t\t<div class=\"elementor-widget-container\">\n\t\t\t\t\t<span class=\"elementor-heading-title elementor-size-default\">Frequently Asked Questions<\/span>\t\t\t\t<\/div>\n\t\t\t\t<\/div>\n\t\t\t\t<div class=\"elementor-element elementor-element-0244a2a elementor-widget elementor-widget-heading4\" data-id=\"0244a2a\" data-element_type=\"widget\" data-e-type=\"widget\" data-widget_type=\"heading4.default\">\n\t\t\t\t<div class=\"elementor-widget-container\">\n\t\t\t\t\t\n<div class=\"tbheading4 style-three\">\n    <div class=\"headwrp\">\n    \t\t<h3 class=\"main-head\">Strong and Reliable for Beekeeping <i>Premix Solutions<\/i><\/h3>    <\/div>\n<\/div>\t\t\t\t<\/div>\n\t\t\t\t<\/div>\n\t\t\t\t<div class=\"elementor-element elementor-element-9e00a87 elementor-widget elementor-widget-ae-accor1\" data-id=\"9e00a87\" data-element_type=\"widget\" data-e-type=\"widget\" data-widget_type=\"ae-accor1.default\">\n\t\t\t\t<div class=\"elementor-widget-container\">\n\t\t\t\t\t\n<div class=\"xldacdn xld-acdn1\" data-xld ='{\"id\":\"165\",\"collpased\":false}'><ul class=\"accordion 165\">\n    \t<li><div class=\"accortitle\">Does Ekin Premiks only produce products specifically for bees?<span class=\"tbxicon\"><i class=\"actikn tpbi bi-patch-plus\" aria-hidden=\"true\"><\/i><i class=\"inactikn tpbi bi-patch-minus\" aria-hidden=\"true\"><\/i><\/span><\/div><p class=\"accorbody\">No. As Ekin Premiks, we also support livestock farmers with our Hen-vit, Gagavit, Poelove, and Vital-vit products for poultry.<\/p><\/li><li><div class=\"accortitle\">What are the differences between Beelove, Minbeelove, and Probeelove powder products?  <span class=\"tbxicon\"><i class=\"actikn tpbi bi-patch-plus\" aria-hidden=\"true\"><\/i><i class=\"inactikn tpbi bi-patch-minus\" aria-hidden=\"true\"><\/i><\/span><\/div><p class=\"accorbody\">The difference between the members of the Beelove series lies in the quantities of their ingredients. Offering different solutions for different needs, their formulas stand out with their variety of proteins, vitamins, and minerals. <\/p><\/li><li><div class=\"accortitle\">Are there any potential side effects your products might have on bees or honey?<span class=\"tbxicon\"><i class=\"actikn tpbi bi-patch-plus\" aria-hidden=\"true\"><\/i><i class=\"inactikn tpbi bi-patch-minus\" aria-hidden=\"true\"><\/i><\/span><\/div><p class=\"accorbody\">Laboratory and field research has shown that no adverse effects on bees have been observed as long as the specified dosage is not exceeded. Due to its natural composition, it leaves no residue in honey.<\/p><\/li><li><div class=\"accortitle\">What problems in bees do Ekin Premix products solve?<span class=\"tbxicon\"><i class=\"actikn tpbi bi-patch-plus\" aria-hidden=\"true\"><\/i><i class=\"inactikn tpbi bi-patch-minus\" aria-hidden=\"true\"><\/i><\/span><\/div><p class=\"accorbody\">Ekin Premix products help strengthen the immune system of bees, support colony development, and reduce stress-related yield losses. They are particularly effective in ensuring bees are healthier and more resilient during seasonal changes, periods of disease risk, and peak production times.<\/p><\/li><li><div class=\"accortitle\">Do premix products affect the quality of honey?<span class=\"tbxicon\"><i class=\"actikn tpbi bi-patch-plus\" aria-hidden=\"true\"><\/i><i class=\"inactikn tpbi bi-patch-minus\" aria-hidden=\"true\"><\/i><\/span><\/div><p class=\"accorbody\">Ekin Premix products, when used correctly, do not negatively affect the quality of honey. Our products are formulated to leave no residue and support bee health while not harming the natural process of honey production.<\/p><\/li><li><div class=\"accortitle\">During which periods is the use of premixes most effective?<span class=\"tbxicon\"><i class=\"actikn tpbi bi-patch-plus\" aria-hidden=\"true\"><\/i><i class=\"inactikn tpbi bi-patch-minus\" aria-hidden=\"true\"><\/i><\/span><\/div><p class=\"accorbody\">The use of premixes is particularly important at the beginning of spring, during the autumn preparation period, and during the post-winter recovery process. Applications during these periods accelerate colony development and help reduce bee losses.<\/p><\/li><\/ul>\n<\/div>\n\n\t\t\t\t<\/div>\n\t\t\t\t<\/div>\n\t\t\t\t<\/div>\n\t\t<div class=\"elementor-element elementor-element-7b49edc e-con-full e-flex e-con e-child\" data-id=\"7b49edc\" data-element_type=\"container\" data-e-type=\"container\">\n\t\t\t\t<\/div>\n\t\t<div class=\"elementor-element elementor-element-57f05af e-con-full e-flex e-con e-child\" data-id=\"57f05af\" data-element_type=\"container\" data-e-type=\"container\">\n\t\t\t\t<div class=\"elementor-element elementor-element-f60af42 elementor-widget elementor-widget-image\" data-id=\"f60af42\" data-element_type=\"widget\" data-e-type=\"widget\" data-widget_type=\"image.default\">\n\t\t\t\t<div class=\"elementor-widget-container\">\n\t\t\t\t\t\t\t\t\t\t\t\t\t\t\t<img fetchpriority=\"high\" decoding=\"async\" width=\"640\" height=\"358\" src=\"https:\/\/www.ekinpremiks.com.tr\/wp-content\/uploads\/2026\/03\/bir_tane_de_202603230055-1024x572.jpg\" class=\"attachment-large size-large wp-image-1058\" alt=\"\" srcset=\"https:\/\/www.ekinpremiks.com.tr\/wp-content\/uploads\/2026\/03\/bir_tane_de_202603230055-1024x572.jpg 1024w, https:\/\/www.ekinpremiks.com.tr\/wp-content\/uploads\/2026\/03\/bir_tane_de_202603230055-300x167.jpg 300w, https:\/\/www.ekinpremiks.com.tr\/wp-content\/uploads\/2026\/03\/bir_tane_de_202603230055-768x429.jpg 768w, https:\/\/www.ekinpremiks.com.tr\/wp-content\/uploads\/2026\/03\/bir_tane_de_202603230055-1536x857.jpg 1536w, https:\/\/www.ekinpremiks.com.tr\/wp-content\/uploads\/2026\/03\/bir_tane_de_202603230055-2048x1143.jpg 2048w\" sizes=\"(max-width: 640px) 100vw, 640px\" \/>\t\t\t\t\t\t\t\t\t\t\t\t\t\t\t<\/div>\n\t\t\t\t<\/div>\n\t\t\t\t<div class=\"elementor-element elementor-element-675d765 elementor-widget elementor-widget-image\" data-id=\"675d765\" data-element_type=\"widget\" data-e-type=\"widget\" data-widget_type=\"image.default\">\n\t\t\t\t<div class=\"elementor-widget-container\">\n\t\t\t\t\t\t\t\t\t\t\t\t\t\t\t<img decoding=\"async\" src=\"http:\/\/www.ekinpremiks.com.tr\/wp-content\/uploads\/sites\/2\/2025\/09\/pexels-wei86_travel-slow-life-31932701-33902245.jpg\" title=\"\" alt=\"\" loading=\"lazy\" \/>\t\t\t\t\t\t\t\t\t\t\t\t\t\t\t<\/div>\n\t\t\t\t<\/div>\n\t\t\t\t<div class=\"elementor-element elementor-element-d1bf98b elementor-widget elementor-widget-image\" data-id=\"d1bf98b\" data-element_type=\"widget\" data-e-type=\"widget\" data-widget_type=\"image.default\">\n\t\t\t\t<div class=\"elementor-widget-container\">\n\t\t\t\t\t\t\t\t\t\t\t\t\t\t\t<img decoding=\"async\" width=\"640\" height=\"358\" src=\"https:\/\/www.ekinpremiks.com.tr\/wp-content\/uploads\/2026\/03\/bu_gorseli_daha_202603230100-1024x572.jpg\" class=\"attachment-large size-large wp-image-1061\" alt=\"\" srcset=\"https:\/\/www.ekinpremiks.com.tr\/wp-content\/uploads\/2026\/03\/bu_gorseli_daha_202603230100-1024x572.jpg 1024w, https:\/\/www.ekinpremiks.com.tr\/wp-content\/uploads\/2026\/03\/bu_gorseli_daha_202603230100-300x167.jpg 300w, https:\/\/www.ekinpremiks.com.tr\/wp-content\/uploads\/2026\/03\/bu_gorseli_daha_202603230100-768x429.jpg 768w, https:\/\/www.ekinpremiks.com.tr\/wp-content\/uploads\/2026\/03\/bu_gorseli_daha_202603230100-1536x857.jpg 1536w, https:\/\/www.ekinpremiks.com.tr\/wp-content\/uploads\/2026\/03\/bu_gorseli_daha_202603230100-2048x1143.jpg 2048w\" sizes=\"(max-width: 640px) 100vw, 640px\" \/>\t\t\t\t\t\t\t\t\t\t\t\t\t\t\t<\/div>\n\t\t\t\t<\/div>\n\t\t\t\t<\/div>\n\t\t\t\t\t<\/div>\n\t\t\t\t<\/div>\n\t\t\t\t<\/div>","protected":false},"excerpt":{"rendered":"<p>S\u0131k Sorulan Sorular Ekin Premiks S\u0131k\u00e7a Sorulan Sorular Ar\u0131c\u0131l\u0131k \u0130\u00e7in G\u00fc\u00e7l\u00fc ve G\u00fcvenilir Premiks \u00c7\u00f6z\u00fcmleri Ekin Premiks sadece ar\u0131lara \u00f6zel \u00fcr\u00fcnler mi \u00fcretir? Hay\u0131r. Ekin Premiks olarak kanatl\u0131 hayvanlar i\u00e7in de Hen-vit, Gagavit, Poelove ve Vital-vit \u00fcr\u00fcnlerimizle hayvanc\u0131lar\u0131m\u0131za destek olmaktay\u0131z. Beelove, Minbeelove, Probeelove toz formlu \u00fcr\u00fcnlerin birbirinden ne gibi farklar\u0131 vard\u0131r? Beelove serisinin \u00fcyelerinin fark\u0131,<\/p>\n<a class=\"read-more\" href=\"https:\/\/www.ekinpremiks.com.tr\/en\/sik-sorulan-sorular\/\">Read More<\/a>","protected":false},"author":1,"featured_media":0,"parent":0,"menu_order":0,"comment_status":"closed","ping_status":"closed","template":"elementor_header_footer","meta":{"footnotes":""},"class_list":["post-1112","page","type-page","status-publish","hentry"],"_links":{"self":[{"href":"https:\/\/www.ekinpremiks.com.tr\/en\/wp-json\/wp\/v2\/pages\/1112","targetHints":{"allow":["GET"]}}],"collection":[{"href":"https:\/\/www.ekinpremiks.com.tr\/en\/wp-json\/wp\/v2\/pages"}],"about":[{"href":"https:\/\/www.ekinpremiks.com.tr\/en\/wp-json\/wp\/v2\/types\/page"}],"author":[{"embeddable":true,"href":"https:\/\/www.ekinpremiks.com.tr\/en\/wp-json\/wp\/v2\/users\/1"}],"replies":[{"embeddable":true,"href":"https:\/\/www.ekinpremiks.com.tr\/en\/wp-json\/wp\/v2\/comments?post=1112"}],"version-history":[{"count":7,"href":"https:\/\/www.ekinpremiks.com.tr\/en\/wp-json\/wp\/v2\/pages\/1112\/revisions"}],"predecessor-version":[{"id":1243,"href":"https:\/\/www.ekinpremiks.com.tr\/en\/wp-json\/wp\/v2\/pages\/1112\/revisions\/1243"}],"wp:attachment":[{"href":"https:\/\/www.ekinpremiks.com.tr\/en\/wp-json\/wp\/v2\/media?parent=1112"}],"curies":[{"name":"wp","href":"https:\/\/api.w.org\/{rel}","templated":true}]}}