 {"id":1114,"date":"2026-03-22T23:17:10","date_gmt":"2026-03-22T23:17:10","guid":{"rendered":"http:\/\/www.ekinpremiks.com.tr\/?page_id=1114"},"modified":"2026-03-23T00:26:12","modified_gmt":"2026-03-23T00:26:12","slug":"beelove","status":"publish","type":"page","link":"https:\/\/www.ekinpremiks.com.tr\/en\/beelove\/","title":{"rendered":"Beelove"},"content":{"rendered":"<div data-elementor-type=\"wp-page\" data-elementor-id=\"1114\" class=\"elementor elementor-1114\">\n\t\t\t\t<div class=\"elementor-element elementor-element-72d89d1 e-flex e-con-boxed e-con e-parent\" data-id=\"72d89d1\" data-element_type=\"container\" data-e-type=\"container\" data-settings=\"{&quot;background_background&quot;:&quot;classic&quot;}\">\n\t\t\t\t\t<div class=\"e-con-inner\">\n\t\t\t\t<div class=\"elementor-element elementor-element-7d67a81 elementor-widget elementor-widget-heading\" data-id=\"7d67a81\" data-element_type=\"widget\" data-e-type=\"widget\" data-widget_type=\"heading.default\">\n\t\t\t\t<div class=\"elementor-widget-container\">\n\t\t\t\t\t<h2 class=\"elementor-heading-title elementor-size-default\">Beelove Vitamin &amp; Mineral<\/h2>\t\t\t\t<\/div>\n\t\t\t\t<\/div>\n\t\t\t\t<div class=\"elementor-element elementor-element-26f5cc3 elementor-widget elementor-widget-heading\" data-id=\"26f5cc3\" data-element_type=\"widget\" data-e-type=\"widget\" data-widget_type=\"heading.default\">\n\t\t\t\t<div class=\"elementor-widget-container\">\n\t\t\t\t\t<h2 class=\"elementor-heading-title elementor-size-default\">Ekin Premix<\/h2>\t\t\t\t<\/div>\n\t\t\t\t<\/div>\n\t\t\t\t\t<\/div>\n\t\t\t\t<\/div>\n\t\t<div class=\"elementor-element elementor-element-71b0d49 e-flex e-con-boxed e-con e-parent\" data-id=\"71b0d49\" data-element_type=\"container\" data-e-type=\"container\">\n\t\t\t\t\t<div class=\"e-con-inner\">\n\t\t\t\t<div class=\"elementor-element elementor-element-853e128 elementor-widget elementor-widget-spacer\" data-id=\"853e128\" data-element_type=\"widget\" data-e-type=\"widget\" data-widget_type=\"spacer.default\">\n\t\t\t\t<div class=\"elementor-widget-container\">\n\t\t\t\t\t\t\t<div class=\"elementor-spacer\">\n\t\t\t<div class=\"elementor-spacer-inner\"><\/div>\n\t\t<\/div>\n\t\t\t\t\t\t<\/div>\n\t\t\t\t<\/div>\n\t\t\t\t\t<\/div>\n\t\t\t\t<\/div>\n\t\t<div class=\"elementor-element elementor-element-64201d8 e-flex e-con-boxed e-con e-parent\" data-id=\"64201d8\" data-element_type=\"container\" data-e-type=\"container\">\n\t\t\t\t\t<div class=\"e-con-inner\">\n\t\t<div class=\"elementor-element elementor-element-f77aea5 e-con-full e-flex e-con e-child\" data-id=\"f77aea5\" data-element_type=\"container\" data-e-type=\"container\">\n\t\t\t\t<div class=\"elementor-element elementor-element-9e1ace1 elementor-widget elementor-widget-image\" data-id=\"9e1ace1\" data-element_type=\"widget\" data-e-type=\"widget\" data-widget_type=\"image.default\">\n\t\t\t\t<div class=\"elementor-widget-container\">\n\t\t\t\t\t\t\t\t\t\t\t\t\t\t\t<img fetchpriority=\"high\" decoding=\"async\" width=\"640\" height=\"640\" src=\"https:\/\/www.ekinpremiks.com.tr\/wp-content\/uploads\/2026\/03\/bu_urunun_bana_202603230256-1-1024x1024.png\" class=\"attachment-large size-large wp-image-1148\" alt=\"\" srcset=\"https:\/\/www.ekinpremiks.com.tr\/wp-content\/uploads\/2026\/03\/bu_urunun_bana_202603230256-1-1024x1024.png 1024w, https:\/\/www.ekinpremiks.com.tr\/wp-content\/uploads\/2026\/03\/bu_urunun_bana_202603230256-1-300x300.png 300w, https:\/\/www.ekinpremiks.com.tr\/wp-content\/uploads\/2026\/03\/bu_urunun_bana_202603230256-1-150x150.png 150w, https:\/\/www.ekinpremiks.com.tr\/wp-content\/uploads\/2026\/03\/bu_urunun_bana_202603230256-1-768x768.png 768w, https:\/\/www.ekinpremiks.com.tr\/wp-content\/uploads\/2026\/03\/bu_urunun_bana_202603230256-1-1536x1536.png 1536w, https:\/\/www.ekinpremiks.com.tr\/wp-content\/uploads\/2026\/03\/bu_urunun_bana_202603230256-1.png 2048w\" sizes=\"(max-width: 640px) 100vw, 640px\" \/>\t\t\t\t\t\t\t\t\t\t\t\t\t\t\t<\/div>\n\t\t\t\t<\/div>\n\t\t\t\t<div class=\"elementor-element elementor-element-2f91e49 elementor-hidden-desktop elementor-widget elementor-widget-spacer\" data-id=\"2f91e49\" data-element_type=\"widget\" data-e-type=\"widget\" data-widget_type=\"spacer.default\">\n\t\t\t\t<div class=\"elementor-widget-container\">\n\t\t\t\t\t\t\t<div class=\"elementor-spacer\">\n\t\t\t<div class=\"elementor-spacer-inner\"><\/div>\n\t\t<\/div>\n\t\t\t\t\t\t<\/div>\n\t\t\t\t<\/div>\n\t\t\t\t<\/div>\n\t\t<div class=\"elementor-element elementor-element-4bd3fef e-con-full e-flex e-con e-child\" data-id=\"4bd3fef\" data-element_type=\"container\" data-e-type=\"container\">\n\t\t\t\t<div class=\"elementor-element elementor-element-a191c81 elementor-widget elementor-widget-text-editor\" data-id=\"a191c81\" data-element_type=\"widget\" data-e-type=\"widget\" data-widget_type=\"text-editor.default\">\n\t\t\t\t<div class=\"elementor-widget-container\">\n\t\t\t\t\t\t\t\t\t<p><strong>PRODUCT CODE: EP001<\/strong><\/p><p><strong>PURPOSE OF USE:<\/strong><br \/>*Provides vitamin and mineral supplementation for honey bees.<br \/>*The bees become healthier and stronger.<br \/>*It increases the number of offspring.<br \/>*It strengthens the immunity of bees.<br \/>*It is effective in reducing bee losses.<br \/>*Efficient honey is obtained.<br \/><strong>USAGE:<\/strong><br \/>4g (2 teaspoons) per 1kg of bee cake or 1 liter of syrup<br \/>PREMIX is added. [2 packets are added to 50kg of sugar.]<br \/><strong>STORAGE CONDITIONS:<\/strong><br \/>Store in a cool, dry, and dark place.<br \/><strong>PRODUCT SAFETY INFORMATION:<\/strong><br \/>There are no known side effects in bees.<br \/>Keep away from pesticides.<br \/>Use opened packages within a short time.<br \/>It is not recommended to use it on species other than the target species.<br \/>Do not add to boiling syrup.<br \/><strong>It leaves no residue in honey.<\/strong><br \/><strong>COMMERCIAL PRESENTATION FORM:<\/strong><br \/>The products are packaged in 100-gram aluminum bags, with 10 bags per box and 120 bags per carton.<\/p>\t\t\t\t\t\t\t\t<\/div>\n\t\t\t\t<\/div>\n\t\t\t\t<div class=\"elementor-element elementor-element-5c7de1a elementor-widget elementor-widget-spacer\" data-id=\"5c7de1a\" data-element_type=\"widget\" data-e-type=\"widget\" data-widget_type=\"spacer.default\">\n\t\t\t\t<div class=\"elementor-widget-container\">\n\t\t\t\t\t\t\t<div class=\"elementor-spacer\">\n\t\t\t<div class=\"elementor-spacer-inner\"><\/div>\n\t\t<\/div>\n\t\t\t\t\t\t<\/div>\n\t\t\t\t<\/div>\n\t\t\t\t<\/div>\n\t\t\t\t\t<\/div>\n\t\t\t\t<\/div>\n\t\t<div class=\"elementor-element elementor-element-fb07720 e-flex e-con-boxed e-con e-parent\" data-id=\"fb07720\" data-element_type=\"container\" data-e-type=\"container\">\n\t\t\t\t\t<div class=\"e-con-inner\">\n\t\t\t\t<div class=\"elementor-element elementor-element-a3bea72 elementor-widget elementor-widget-html\" data-id=\"a3bea72\" data-element_type=\"widget\" data-e-type=\"widget\" data-widget_type=\"html.default\">\n\t\t\t\t<div class=\"elementor-widget-container\">\n\t\t\t\t\t<div style=\"max-width:900px; margin:20px auto; font-family:Arial, sans-serif; border-radius:20px; overflow:hidden; border:1px solid #d8caa0;\">\r\n  <table style=\"width:100%; border-collapse:collapse; text-align:center; font-size:15px; line-height:1.4;\">\r\n    <thead>\r\n      <tr>\r\n        <th rowspan=\"2\" style=\"background:#d8b11f; color:#000; padding:12px; border:1px solid #fff;\">Descriptive<br>Number<\/th>\r\n        <th colspan=\"4\" style=\"background:#d8b11f; color:#000; padding:10px; border:1px solid #fff;\">\r\n          <strong>Composition<\/strong> <em>Ingredients<\/em> <span style=\"float:right; font-size:13px;\">per 1,000g<\/span>\r\n        <\/th>\r\n      <\/tr>\r\n      <tr>\r\n        <th style=\"background:#d8b11f; color:#000; padding:10px; border:1px solid #fff;\">Active Ingredient<br><em>Substance<\/em><\/th>\r\n        <th colspan=\"2\" style=\"background:#d8b11f; color:#000; padding:10px; border:1px solid #fff;\">Contribution Name<br><em>Supplement Name<\/em><\/th>\r\n        <th style=\"background:#d8b11f; color:#000; padding:10px; border:1px solid #fff;\">Level in the premix<br><em>Dosage<\/em><\/th>\r\n        <th style=\"background:#d8b11f; color:#000; padding:10px; border:1px solid #fff;\">Unit<br><em>Unit<\/em><\/th>\r\n      <\/tr>\r\n    <\/thead>\r\n    <tbody>\r\n      <tr>\r\n        <td colspan=\"6\" style=\"background:#e9d69a; font-weight:bold; text-align:left; padding:8px 12px; border:1px solid #fff;\">\r\n          Vitamins - <em>Vitamins<\/em>\r\n        <\/td>\r\n      <\/tr>\r\n\r\n      <tr style=\"background:#f8f1da;\">\r\n        <td style=\"border:1px solid #fff; padding:8px;\">3a672a<\/td>\r\n        <td style=\"border:1px solid #fff; padding:8px;\">Vitamin A WS<\/td>\r\n        <td colspan=\"2\" style=\"border:1px solid #fff; padding:8px;\">Retinyl acetate<\/td>\r\n        <td style=\"border:1px solid #fff; padding:8px;\">2.500.000<\/td>\r\n        <td style=\"border:1px solid #fff; padding:8px;\">IU\/kg<\/td>\r\n      <\/tr>\r\n      <tr style=\"background:#f8f1da;\">\r\n        <td style=\"border:1px solid #fff; padding:8px;\">3a671<\/td>\r\n        <td style=\"border:1px solid #fff; padding:8px;\">Vitamin D3 WS<\/td>\r\n        <td colspan=\"2\" style=\"border:1px solid #fff; padding:8px;\">Cholecalciferol<\/td>\r\n        <td style=\"border:1px solid #fff; padding:8px;\">425.000<\/td>\r\n        <td style=\"border:1px solid #fff; padding:8px;\">IU\/kg<\/td>\r\n      <\/tr>\r\n      <tr style=\"background:#f8f1da;\">\r\n        <td style=\"border:1px solid #fff; padding:8px;\">3a700<\/td>\r\n        <td style=\"border:1px solid #fff; padding:8px;\">Vitamin E WS<\/td>\r\n        <td colspan=\"2\" style=\"border:1px solid #fff; padding:8px;\">Alpha-Tocopheryl Acetate<\/td>\r\n        <td style=\"border:1px solid #fff; padding:8px;\">550<\/td>\r\n        <td style=\"border:1px solid #fff; padding:8px;\">mg\/kg<\/td>\r\n      <\/tr>\r\n      <tr style=\"background:#f8f1da;\">\r\n        <td style=\"border:1px solid #fff; padding:8px;\">3a821<\/td>\r\n        <td style=\"border:1px solid #fff; padding:8px;\">Vitamin B1<\/td>\r\n        <td colspan=\"2\" style=\"border:1px solid #fff; padding:8px;\">Thiamine<\/td>\r\n        <td style=\"border:1px solid #fff; padding:8px;\">210<\/td>\r\n        <td style=\"border:1px solid #fff; padding:8px;\">mg\/kg<\/td>\r\n      <\/tr>\r\n      <tr style=\"background:#f8f1da;\">\r\n        <td style=\"border:1px solid #fff; padding:8px;\"><\/td>\r\n        <td style=\"border:1px solid #fff; padding:8px;\">Vitamin B2<\/td>\r\n        <td colspan=\"2\" style=\"border:1px solid #fff; padding:8px;\">Riboflavin<\/td>\r\n        <td style=\"border:1px solid #fff; padding:8px;\">810<\/td>\r\n        <td style=\"border:1px solid #fff; padding:8px;\">mg\/kg<\/td>\r\n      <\/tr>\r\n      <tr style=\"background:#f8f1da;\">\r\n        <td style=\"border:1px solid #fff; padding:8px;\">3a831<\/td>\r\n        <td style=\"border:1px solid #fff; padding:8px;\">Vitamin B6<\/td>\r\n        <td colspan=\"2\" style=\"border:1px solid #fff; padding:8px;\">Pyridoxine HCl<\/td>\r\n        <td style=\"border:1px solid #fff; padding:8px;\">210<\/td>\r\n        <td style=\"border:1px solid #fff; padding:8px;\">mg\/kg<\/td>\r\n      <\/tr>\r\n      <tr style=\"background:#f8f1da;\">\r\n        <td style=\"border:1px solid #fff; padding:8px;\"><\/td>\r\n        <td style=\"border:1px solid #fff; padding:8px;\">Vitamin B12<\/td>\r\n        <td colspan=\"2\" style=\"border:1px solid #fff; padding:8px;\">Cyanocobalamin<\/td>\r\n        <td style=\"border:1px solid #fff; padding:8px;\">3<\/td>\r\n        <td style=\"border:1px solid #fff; padding:8px;\">mg\/kg<\/td>\r\n      <\/tr>\r\n      <tr style=\"background:#f8f1da;\">\r\n        <td style=\"border:1px solid #fff; padding:8px;\">3a710<\/td>\r\n        <td style=\"border:1px solid #fff; padding:8px;\">Vitamin K3<\/td>\r\n        <td colspan=\"2\" style=\"border:1px solid #fff; padding:8px;\">Menadione Sodium Bisulfite<\/td>\r\n        <td style=\"border:1px solid #fff; padding:8px;\">1.500<\/td>\r\n        <td style=\"border:1px solid #fff; padding:8px;\">mg\/kg<\/td>\r\n      <\/tr>\r\n      <tr style=\"background:#f8f1da;\">\r\n        <td style=\"border:1px solid #fff; padding:8px;\">3a300<\/td>\r\n        <td style=\"border:1px solid #fff; padding:8px;\">Vitamin C<\/td>\r\n        <td colspan=\"2\" style=\"border:1px solid #fff; padding:8px;\">L-Ascorbic Acid<\/td>\r\n        <td style=\"border:1px solid #fff; padding:8px;\">4.000<\/td>\r\n        <td style=\"border:1px solid #fff; padding:8px;\">mg\/kg<\/td>\r\n      <\/tr>\r\n      <tr style=\"background:#f8f1da;\">\r\n        <td style=\"border:1px solid #fff; padding:8px;\">3a841<\/td>\r\n        <td style=\"border:1px solid #fff; padding:8px;\">Vitamin B5<\/td>\r\n        <td colspan=\"2\" style=\"border:1px solid #fff; padding:8px;\">Calcium D-Pantothenate<\/td>\r\n        <td style=\"border:1px solid #fff; padding:8px;\">1.500<\/td>\r\n        <td style=\"border:1px solid #fff; padding:8px;\">mg\/kg<\/td>\r\n      <\/tr>\r\n      <tr style=\"background:#f8f1da;\">\r\n        <td style=\"border:1px solid #fff; padding:8px;\">3a315<\/td>\r\n        <td style=\"border:1px solid #fff; padding:8px;\">Vitamin B3<\/td>\r\n        <td colspan=\"2\" style=\"border:1px solid #fff; padding:8px;\">Niacinamide<\/td>\r\n        <td style=\"border:1px solid #fff; padding:8px;\">3.000<\/td>\r\n        <td style=\"border:1px solid #fff; padding:8px;\">mg\/kg<\/td>\r\n      <\/tr>\r\n\r\n      <tr>\r\n        <td colspan=\"6\" style=\"background:#e9d69a; font-weight:bold; text-align:left; padding:8px 12px; border:1px solid #fff;\">\r\n          Minerals - <em>Minerals<\/em>\r\n        <\/td>\r\n      <\/tr>\r\n\r\n      <tr style=\"background:#f8f1da;\">\r\n        <td style=\"border:1px solid #fff; padding:8px;\">11.3.1<\/td>\r\n        <td style=\"border:1px solid #fff; padding:8px;\">Phosphorus<\/td>\r\n        <td colspan=\"2\" style=\"border:1px solid #fff; padding:8px;\">Dicalcium Phosphate<\/td>\r\n        <td style=\"border:1px solid #fff; padding:8px;\">650<\/td>\r\n        <td style=\"border:1px solid #fff; padding:8px;\">mg\/kg<\/td>\r\n      <\/tr>\r\n      <tr style=\"background:#f8f1da;\">\r\n        <td style=\"border:1px solid #fff; padding:8px;\">11.3.1<\/td>\r\n        <td style=\"border:1px solid #fff; padding:8px;\">Calcium<\/td>\r\n        <td colspan=\"2\" style=\"border:1px solid #fff; padding:8px;\">Dicalcium Phosphate<\/td>\r\n        <td style=\"border:1px solid #fff; padding:8px;\">866<\/td>\r\n        <td style=\"border:1px solid #fff; padding:8px;\">mg\/kg<\/td>\r\n      <\/tr>\r\n      <tr style=\"background:#f8f1da;\">\r\n        <td style=\"border:1px solid #fff; padding:8px;\">11.4.1<\/td>\r\n        <td style=\"border:1px solid #fff; padding:8px;\">Sodium<\/td>\r\n        <td colspan=\"2\" style=\"border:1px solid #fff; padding:8px;\">Sodium Chloride<\/td>\r\n        <td style=\"border:1px solid #fff; padding:8px;\">4.000<\/td>\r\n        <td style=\"border:1px solid #fff; padding:8px;\">mg\/kg<\/td>\r\n      <\/tr>\r\n      <tr style=\"background:#f8f1da;\">\r\n        <td style=\"border:1px solid #fff; padding:8px;\">11.4.1<\/td>\r\n        <td style=\"border:1px solid #fff; padding:8px;\">Chlorine<\/td>\r\n        <td colspan=\"2\" style=\"border:1px solid #fff; padding:8px;\">Sodium Chloride<\/td>\r\n        <td style=\"border:1px solid #fff; padding:8px;\">6.154<\/td>\r\n        <td style=\"border:1px solid #fff; padding:8px;\">mg\/kg<\/td>\r\n      <\/tr>\r\n\r\n      <tr>\r\n        <td colspan=\"6\" style=\"background:#e9d69a; font-weight:bold; text-align:left; padding:8px 12px; border:1px solid #fff;\">\r\n          Carrier - <em>Carrier<\/em>\r\n        <\/td>\r\n      <\/tr>\r\n\r\n      <tr style=\"background:#f8f1da;\">\r\n        <td style=\"border:1px solid #fff; padding:8px;\"><\/td>\r\n        <td style=\"border:1px solid #fff; padding:8px;\">Sugar<\/td>\r\n        <td colspan=\"2\" style=\"border:1px solid #fff; padding:8px;\">Powdered Beet Sugar<\/td>\r\n        <td style=\"border:1px solid #fff; padding:8px;\">qsp<\/td>\r\n        <td style=\"border:1px solid #fff; padding:8px;\"><\/td>\r\n      <\/tr>\r\n    <\/tbody>\r\n  <\/table>\r\n<\/div>\t\t\t\t<\/div>\n\t\t\t\t<\/div>\n\t\t\t\t\t<\/div>\n\t\t\t\t<\/div>\n\t\t<div class=\"elementor-element elementor-element-7f62c6c e-flex e-con-boxed e-con e-parent\" data-id=\"7f62c6c\" data-element_type=\"container\" data-e-type=\"container\">\n\t\t\t\t\t<div class=\"e-con-inner\">\n\t\t\t\t<div class=\"elementor-element elementor-element-d4da925 elementor-widget elementor-widget-spacer\" data-id=\"d4da925\" data-element_type=\"widget\" data-e-type=\"widget\" data-widget_type=\"spacer.default\">\n\t\t\t\t<div class=\"elementor-widget-container\">\n\t\t\t\t\t\t\t<div class=\"elementor-spacer\">\n\t\t\t<div class=\"elementor-spacer-inner\"><\/div>\n\t\t<\/div>\n\t\t\t\t\t\t<\/div>\n\t\t\t\t<\/div>\n\t\t\t\t\t<\/div>\n\t\t\t\t<\/div>\n\t\t\t\t<\/div>","protected":false},"excerpt":{"rendered":"<p>Beelove Vitamin &amp; Mineral Ekin Premiks \u00dcR\u00dcN KODU: EP001 KULLANIM AMACI:*Bal ar\u0131lar\u0131nda vitamin ve mineral takviyesini sa\u011flar.*Ar\u0131lar daha sa\u011fl\u0131kl\u0131 ve daha g\u00fc\u00e7l\u00fc olur.*Yavru say\u0131s\u0131nda art\u0131\u015f sa\u011flar.*Ar\u0131larda ba\u011f\u0131\u015f\u0131kl\u0131\u011f\u0131 g\u00fc\u00e7lendirir.*Ar\u0131 kay\u0131plar\u0131n\u0131n azalmas\u0131nda etkilidir.*Verimli bal al\u0131n\u0131r.KULLANIM \u015eEKL\u0130:1kg ar\u0131 kekine veya 1litre \u015furuba 4gr (2 \u00e7ay ka\u015f\u0131\u011f\u0131)PREM\u0130KS ilave edilir. [50kg \u015fekere 2 paket ilave edilir.]DEPOLAMA KO\u015eULLARI:Serin, kuru ve \u0131\u015f\u0131ks\u0131z<\/p>\n<a class=\"read-more\" href=\"https:\/\/www.ekinpremiks.com.tr\/en\/beelove\/\">Read More<\/a>","protected":false},"author":1,"featured_media":0,"parent":0,"menu_order":0,"comment_status":"closed","ping_status":"closed","template":"elementor_header_footer","meta":{"footnotes":""},"class_list":["post-1114","page","type-page","status-publish","hentry"],"_links":{"self":[{"href":"https:\/\/www.ekinpremiks.com.tr\/en\/wp-json\/wp\/v2\/pages\/1114","targetHints":{"allow":["GET"]}}],"collection":[{"href":"https:\/\/www.ekinpremiks.com.tr\/en\/wp-json\/wp\/v2\/pages"}],"about":[{"href":"https:\/\/www.ekinpremiks.com.tr\/en\/wp-json\/wp\/v2\/types\/page"}],"author":[{"embeddable":true,"href":"https:\/\/www.ekinpremiks.com.tr\/en\/wp-json\/wp\/v2\/users\/1"}],"replies":[{"embeddable":true,"href":"https:\/\/www.ekinpremiks.com.tr\/en\/wp-json\/wp\/v2\/comments?post=1114"}],"version-history":[{"count":13,"href":"https:\/\/www.ekinpremiks.com.tr\/en\/wp-json\/wp\/v2\/pages\/1114\/revisions"}],"predecessor-version":[{"id":1168,"href":"https:\/\/www.ekinpremiks.com.tr\/en\/wp-json\/wp\/v2\/pages\/1114\/revisions\/1168"}],"wp:attachment":[{"href":"https:\/\/www.ekinpremiks.com.tr\/en\/wp-json\/wp\/v2\/media?parent=1114"}],"curies":[{"name":"wp","href":"https:\/\/api.w.org\/{rel}","templated":true}]}}